{"id":368,"date":"2023-10-04T17:56:57","date_gmt":"2023-10-04T17:56:57","guid":{"rendered":"https:\/\/beaninprogress.com\/?page_id=368"},"modified":"2025-01-31T19:38:06","modified_gmt":"2025-01-31T19:38:06","slug":"about-us","status":"publish","type":"page","link":"https:\/\/beaninprogress.com\/ch\/about-us\/","title":{"rendered":"\u00dcber uns"},"content":{"rendered":"<div data-elementor-type=\"wp-page\" data-elementor-id=\"368\" class=\"elementor elementor-368\" data-elementor-post-type=\"page\">\n\t\t\t\t<div class=\"elementor-element elementor-element-ccb7527 e-flex e-con-boxed e-con e-parent\" data-id=\"ccb7527\" data-element_type=\"container\" data-settings=\"{&quot;background_background&quot;:&quot;classic&quot;}\">\n\t\t\t\t\t<div class=\"e-con-inner\">\n\t\t<div class=\"elementor-element elementor-element-e4628f4 e-flex e-con-boxed e-con e-child\" data-id=\"e4628f4\" data-element_type=\"container\">\n\t\t\t\t\t<div class=\"e-con-inner\">\n\t\t\t\t\t<\/div>\n\t\t\t\t<\/div>\n\t\t\t\t\t<\/div>\n\t\t\t\t<\/div>\n\t\t<div class=\"elementor-element elementor-element-7911cc1 e-flex e-con-boxed e-con e-parent\" data-id=\"7911cc1\" data-element_type=\"container\">\n\t\t\t\t\t<div class=\"e-con-inner\">\n\t\t<div class=\"elementor-element elementor-element-08ea878 e-flex e-con-boxed e-con e-child\" data-id=\"08ea878\" data-element_type=\"container\">\n\t\t\t\t\t<div class=\"e-con-inner\">\n\t\t\t\t<div class=\"elementor-element elementor-element-cb9c8b7 elementor-widget elementor-widget-heading\" data-id=\"cb9c8b7\" data-element_type=\"widget\" data-widget_type=\"heading.default\">\n\t\t\t\t<div class=\"elementor-widget-container\">\n\t\t\t<style>\/*! elementor - v3.23.0 - 05-08-2024 *\/\n.elementor-heading-title{padding:0;margin:0;line-height:1}.elementor-widget-heading .elementor-heading-title[class*=elementor-size-]>a{color:inherit;font-size:inherit;line-height:inherit}.elementor-widget-heading .elementor-heading-title.elementor-size-small{font-size:15px}.elementor-widget-heading .elementor-heading-title.elementor-size-medium{font-size:19px}.elementor-widget-heading .elementor-heading-title.elementor-size-large{font-size:29px}.elementor-widget-heading .elementor-heading-title.elementor-size-xl{font-size:39px}.elementor-widget-heading .elementor-heading-title.elementor-size-xxl{font-size:59px}<\/style><h2 class=\"elementor-heading-title elementor-size-default\">Unser R\u00f6ster<\/h2>\t\t<\/div>\n\t\t\t\t<\/div>\n\t\t\t\t<div class=\"elementor-element elementor-element-b252a1b elementor-widget elementor-widget-text-editor\" data-id=\"b252a1b\" data-element_type=\"widget\" data-widget_type=\"text-editor.default\">\n\t\t\t\t<div class=\"elementor-widget-container\">\n\t\t\t<style>\/*! elementor - v3.23.0 - 05-08-2024 *\/\n.elementor-widget-text-editor.elementor-drop-cap-view-stacked .elementor-drop-cap{background-color:#69727d;color:#fff}.elementor-widget-text-editor.elementor-drop-cap-view-framed .elementor-drop-cap{color:#69727d;border:3px solid;background-color:transparent}.elementor-widget-text-editor:not(.elementor-drop-cap-view-default) .elementor-drop-cap{margin-top:8px}.elementor-widget-text-editor:not(.elementor-drop-cap-view-default) .elementor-drop-cap-letter{width:1em;height:1em}.elementor-widget-text-editor .elementor-drop-cap{float:left;text-align:center;line-height:1;font-size:50px}.elementor-widget-text-editor .elementor-drop-cap-letter{display:inline-block}<\/style>\t\t\t\t<p><span style=\"font-weight: 400;\">Cenk Erlevent ist der Spezialit\u00e4tenkaffee-R\u00f6ster hinter Bean in Progress. Nicht nur sein kreativer Hintergrund, sondern auch seine vielf\u00e4ltige Erfahrung in sechs verschiedenen Kulturen sind wichtige Zutaten f\u00fcr seine Leidenschaft f\u00fcr das Kaffeer\u00f6sten.<\/span><\/p>\t\t\t\t\t\t<\/div>\n\t\t\t\t<\/div>\n\t\t\t\t\t<\/div>\n\t\t\t\t<\/div>\n\t\t<div class=\"elementor-element elementor-element-c1fe860 e-flex e-con-boxed e-con e-child\" data-id=\"c1fe860\" data-element_type=\"container\">\n\t\t\t\t\t<div class=\"e-con-inner\">\n\t\t\t\t<div class=\"elementor-element elementor-element-f3e36c8 elementor-widget elementor-widget-heading\" data-id=\"f3e36c8\" data-element_type=\"widget\" data-widget_type=\"heading.default\">\n\t\t\t\t<div class=\"elementor-widget-container\">\n\t\t\t<h2 class=\"elementor-heading-title elementor-size-default\">Unsere Philosophie<\/h2>\t\t<\/div>\n\t\t\t\t<\/div>\n\t\t\t\t<div class=\"elementor-element elementor-element-6fcf46b elementor-widget elementor-widget-text-editor\" data-id=\"6fcf46b\" data-element_type=\"widget\" data-widget_type=\"text-editor.default\">\n\t\t\t\t<div class=\"elementor-widget-container\">\n\t\t\t\t\t\t\t<p><span style=\"font-weight: 400;\">Unsere Philosophie ist einfach: Streben Sie nach Fortschritt, nicht nach Perfektion! Wir wissen, dass der beste Kaffee nicht existiert. Wir k\u00f6nnen jedoch versprechen, dass unsere Bohnen immer in Entwicklung sind und wir Ihnen schmackhaften und besonderen Kaffee bieten.<\/span><\/p>\t\t\t\t\t\t<\/div>\n\t\t\t\t<\/div>\n\t\t\t\t\t<\/div>\n\t\t\t\t<\/div>\n\t\t<div class=\"elementor-element elementor-element-9f8c75f e-flex e-con-boxed e-con e-child\" data-id=\"9f8c75f\" data-element_type=\"container\">\n\t\t\t\t\t<div class=\"e-con-inner\">\n\t\t\t\t<div class=\"elementor-element elementor-element-0645992 elementor-widget elementor-widget-heading\" data-id=\"0645992\" data-element_type=\"widget\" data-widget_type=\"heading.default\">\n\t\t\t\t<div class=\"elementor-widget-container\">\n\t\t\t<h2 class=\"elementor-heading-title elementor-size-default\">Unser Angebot<\/h2>\t\t<\/div>\n\t\t\t\t<\/div>\n\t\t\t\t<div class=\"elementor-element elementor-element-11f7791 elementor-widget elementor-widget-text-editor\" data-id=\"11f7791\" data-element_type=\"widget\" data-widget_type=\"text-editor.default\">\n\t\t\t\t<div class=\"elementor-widget-container\">\n\t\t\t\t\t\t\t<p><span style=\"font-weight: 400;\">Uns liegt eine nachhaltige und faire Beschaffung unserer besonderen Bohnen am Herzen. Daher stammen die von uns ger\u00f6steten Bohnen alle von ausgew\u00e4hlten Farmen. Zusammen mit unserem Wissen im Kaffeer\u00f6sten k\u00f6nnen wir Ihnen ein k\u00f6stliches Kaffeeerlebnis versprechen.<\/span><\/p>\t\t\t\t\t\t<\/div>\n\t\t\t\t<\/div>\n\t\t\t\t\t<\/div>\n\t\t\t\t<\/div>\n\t\t\t\t\t<\/div>\n\t\t\t\t<\/div>\n\t\t<div class=\"elementor-element elementor-element-2ec2490 e-flex e-con-boxed e-con e-parent\" data-id=\"2ec2490\" data-element_type=\"container\" data-settings=\"{&quot;background_background&quot;:&quot;classic&quot;}\">\n\t\t\t\t\t<div class=\"e-con-inner\">\n\t\t<div class=\"elementor-element elementor-element-902ad0f e-con-full e-flex e-con e-child\" data-id=\"902ad0f\" data-element_type=\"container\" data-settings=\"{&quot;background_background&quot;:&quot;classic&quot;}\">\n\t\t\t\t<\/div>\n\t\t<div class=\"elementor-element elementor-element-681b0ba e-con-full e-flex e-con e-child\" data-id=\"681b0ba\" data-element_type=\"container\">\n\t\t<div class=\"elementor-element elementor-element-1f80b27 e-flex e-con-boxed e-con e-child\" data-id=\"1f80b27\" data-element_type=\"container\">\n\t\t\t\t\t<div class=\"e-con-inner\">\n\t\t\t\t<div class=\"elementor-element elementor-element-ad30b18 elementor-widget elementor-widget-heading\" data-id=\"ad30b18\" data-element_type=\"widget\" data-widget_type=\"heading.default\">\n\t\t\t\t<div class=\"elementor-widget-container\">\n\t\t\t<h2 class=\"elementor-heading-title elementor-size-default\">Micro-Roastery & Specialty Caf\u00e9<\/h2>\t\t<\/div>\n\t\t\t\t<\/div>\n\t\t\t\t<div class=\"elementor-element elementor-element-81e38e6 elementor-widget elementor-widget-text-editor\" data-id=\"81e38e6\" data-element_type=\"widget\" data-widget_type=\"text-editor.default\">\n\t\t\t\t<div class=\"elementor-widget-container\">\n\t\t\t\t\t\t\t<p>We are a micro-roastery and specialty Caf\u00e9 in Basel. We have been in the coffee business for over 8 years, and with our own beloved brand \u2018\u2019Bean in Progress\u2019 for over 4 years.<\/p><p><span style=\"font-weight: 400;\">Our philosophy is simple: <\/span><b>go for progress, not perfection!<\/b><span style=\"font-weight: 400;\"> We know that the best coffee doesn\u2019t exist. However, we can promise that our beans are always in progress and we provide you with tasty and special coffee. At Bean in Progress we stand for progress both in the sourcing of coffee beans and in the roasting process. It is a great concern for us to provide our customers with high-quality coffee! Our passion and philosophy are not only visible in our coffee but also in our service. All of our products can be tasted and bought at local markets and ordered online.<\/span><\/p><p><span style=\"font-weight: 400;\"><strong>Our caf\u00e9<\/strong> is located at Rebgasse 1, 4058 Basel<\/span><\/p><p><span style=\"font-weight: 400;\"><strong>Our roastery<\/strong> is at Aktienm\u00fchle: G\u00e4rtnerstrasse 46 &#8211; 4057 Basel\u00a0<\/span><\/p><p><span style=\"font-weight: 400;\">Wenn Sie einen Besuch in unserer R\u00f6sterei arrangieren m\u00f6chten, kontaktieren Sie uns bitte.<\/span><\/p>\t\t\t\t\t\t<\/div>\n\t\t\t\t<\/div>\n\t\t\t\t\t<\/div>\n\t\t\t\t<\/div>\n\t\t\t\t<\/div>\n\t\t\t\t\t<\/div>\n\t\t\t\t<\/div>\n\t\t<div class=\"elementor-element elementor-element-c45482a e-flex e-con-boxed e-con e-parent\" data-id=\"c45482a\" data-element_type=\"container\">\n\t\t\t\t\t<div class=\"e-con-inner\">\n\t\t<div class=\"elementor-element elementor-element-59c54eb e-con-full e-flex e-con e-child\" data-id=\"59c54eb\" data-element_type=\"container\" data-settings=\"{&quot;background_background&quot;:&quot;classic&quot;}\">\n\t\t\t\t<\/div>\n\t\t<div class=\"elementor-element elementor-element-2dfbad6 e-con-full e-flex e-con e-child\" data-id=\"2dfbad6\" data-element_type=\"container\">\n\t\t\t\t<div class=\"elementor-element elementor-element-d7a81ba elementor-widget elementor-widget-heading\" data-id=\"d7a81ba\" data-element_type=\"widget\" data-widget_type=\"heading.default\">\n\t\t\t\t<div class=\"elementor-widget-container\">\n\t\t\t<h2 class=\"elementor-heading-title elementor-size-default\">Cenk Erlevent, Gr\u00fcnder<\/h2>\t\t<\/div>\n\t\t\t\t<\/div>\n\t\t\t\t<div class=\"elementor-element elementor-element-e6eed10 elementor-widget elementor-widget-text-editor\" data-id=\"e6eed10\" data-element_type=\"widget\" data-widget_type=\"text-editor.default\">\n\t\t\t\t<div class=\"elementor-widget-container\">\n\t\t\t\t\t\t\t<p class=\"translation-block\">Urspr\u00fcnglich hat unser Kaffeer\u00f6ster einen k\u00fcnstlerischen Hintergrund in der Foto- und Filmbranche. Schlie\u00dflich folgte er seiner Leidenschaft und nutzte sein k\u00fcnstlerisches Handwerk beim R\u00f6sten von Spezialit\u00e4tenkaffee. Er ist seit \u00fcber 6 Jahren im Gesch\u00e4ft und hat in anderen namhaften Basler Kaffeer\u00f6stereien wie Kaffeemacher und Haenowitz &amp; Page als Chefr\u00f6ster gearbeitet, bevor er den Schritt wagte und seine eigene R\u00f6sterei er\u00f6ffnete.<\/p><p><span style=\"font-weight: 400;\">Ein einzigartiges Merkmal seiner F\u00e4higkeiten im Kaffeer\u00f6sten ist auch seine multikulturelle Vergangenheit, die den Bohnen einen besonderen Geschmack verleiht. Zu jeder R\u00f6stung f\u00fcgt er ein wenig t\u00fcrkisches Gew\u00fcrz, franz\u00f6sische Liebe, spanische Salsa, italienischen Espresso und nicht zuletzt etwas Schweizer Perfektionismus hinzu.<\/span><\/p>\t\t\t\t\t\t<\/div>\n\t\t\t\t<\/div>\n\t\t\t\t<\/div>\n\t\t\t\t\t<\/div>\n\t\t\t\t<\/div>\n\t\t\t\t<\/div>","protected":false},"excerpt":{"rendered":"<p>Our Roaster Cenk Erlevent is the specialty coffee roaster behind Bean in Progress. Not only his creative background but also his well known experience of six different cultures are important ingredients for his passion in coffee roasting. Our Philosophy Our philosophy is simple: go for progress, not perfection! We know that the best coffee doesn\u2019t [&hellip;]<\/p>","protected":false},"author":1,"featured_media":0,"parent":0,"menu_order":0,"comment_status":"closed","ping_status":"closed","template":"elementor_header_footer","meta":{"_acf_changed":false,"footnotes":""},"class_list":["post-368","page","type-page","status-publish","hentry"],"acf":[],"yoast_head":"<!-- This site is optimized with the Yoast SEO plugin v22.8 - https:\/\/yoast.com\/wordpress\/plugins\/seo\/ -->\n<title>About Us - Bean in Progress<\/title>\n<meta name=\"description\" content=\"We care about a sustainable and fair way to source our special beans. Therefore, the beans we roast are all cultivated by selected farms. Together with our knowledge in coffee roasting we can promise you a delicious coffee experience.\" \/>\n<meta name=\"robots\" content=\"index, follow, max-snippet:-1, max-image-preview:large, max-video-preview:-1\" \/>\n<link rel=\"canonical\" href=\"https:\/\/beaninprogress.com\/ch\/about-us\/\" \/>\n<meta property=\"og:locale\" content=\"de_DE\" \/>\n<meta property=\"og:type\" content=\"article\" \/>\n<meta property=\"og:title\" content=\"About Us - Bean in Progress\" \/>\n<meta property=\"og:description\" content=\"We care about a sustainable and fair way to source our special beans. Therefore, the beans we roast are all cultivated by selected farms. Together with our knowledge in coffee roasting we can promise you a delicious coffee experience.\" \/>\n<meta property=\"og:url\" content=\"https:\/\/beaninprogress.com\/ch\/about-us\/\" \/>\n<meta property=\"og:site_name\" content=\"Bean in Progress\" \/>\n<meta property=\"article:publisher\" content=\"https:\/\/facebook.com\/beaninprogress\" \/>\n<meta property=\"article:modified_time\" content=\"2025-01-31T19:38:06+00:00\" \/>\n<meta name=\"twitter:card\" content=\"summary_large_image\" \/>\n<meta name=\"twitter:label1\" content=\"Gesch\u00e4tzte Lesezeit\" \/>\n\t<meta name=\"twitter:data1\" content=\"2\u00a0Minuten\" \/>\n<script type=\"application\/ld+json\" class=\"yoast-schema-graph\">{\"@context\":\"https:\/\/schema.org\",\"@graph\":[{\"@type\":[\"WebPage\",\"AboutPage\"],\"@id\":\"https:\/\/beaninprogress.com\/about-us\/\",\"url\":\"https:\/\/beaninprogress.com\/about-us\/\",\"name\":\"About Us - Bean in Progress\",\"isPartOf\":{\"@id\":\"https:\/\/beaninprogress.com\/#website\"},\"datePublished\":\"2023-10-04T17:56:57+00:00\",\"dateModified\":\"2025-01-31T19:38:06+00:00\",\"description\":\"We care about a sustainable and fair way to source our special beans. Therefore, the beans we roast are all cultivated by selected farms. Together with our knowledge in coffee roasting we can promise you a delicious coffee experience.\",\"breadcrumb\":{\"@id\":\"https:\/\/beaninprogress.com\/about-us\/#breadcrumb\"},\"inLanguage\":\"de-CH\",\"potentialAction\":[{\"@type\":\"ReadAction\",\"target\":[\"https:\/\/beaninprogress.com\/about-us\/\"]}]},{\"@type\":\"BreadcrumbList\",\"@id\":\"https:\/\/beaninprogress.com\/about-us\/#breadcrumb\",\"itemListElement\":[{\"@type\":\"ListItem\",\"position\":1,\"name\":\"Home\",\"item\":\"https:\/\/beaninprogress.com\/\"},{\"@type\":\"ListItem\",\"position\":2,\"name\":\"About Us\"}]},{\"@type\":\"WebSite\",\"@id\":\"https:\/\/beaninprogress.com\/#website\",\"url\":\"https:\/\/beaninprogress.com\/\",\"name\":\"Bean in Progress\",\"description\":\"Speciality Coffee &amp; Roastery\",\"publisher\":{\"@id\":\"https:\/\/beaninprogress.com\/#organization\"},\"potentialAction\":[{\"@type\":\"SearchAction\",\"target\":{\"@type\":\"EntryPoint\",\"urlTemplate\":\"https:\/\/beaninprogress.com\/?s={search_term_string}\"},\"query-input\":\"required name=search_term_string\"}],\"inLanguage\":\"de-CH\"},{\"@type\":\"Organization\",\"@id\":\"https:\/\/beaninprogress.com\/#organization\",\"name\":\"Bean in Progress\",\"url\":\"https:\/\/beaninprogress.com\/\",\"logo\":{\"@type\":\"ImageObject\",\"inLanguage\":\"de-CH\",\"@id\":\"https:\/\/beaninprogress.com\/#\/schema\/logo\/image\/\",\"url\":\"https:\/\/beaninprogress.com\/wp-content\/uploads\/2023\/09\/bean-in-progress.png\",\"contentUrl\":\"https:\/\/beaninprogress.com\/wp-content\/uploads\/2023\/09\/bean-in-progress.png\",\"width\":846,\"height\":361,\"caption\":\"Bean in Progress\"},\"image\":{\"@id\":\"https:\/\/beaninprogress.com\/#\/schema\/logo\/image\/\"},\"sameAs\":[\"https:\/\/facebook.com\/beaninprogress\",\"https:\/\/www.instagram.com\/beaninprogress\/#\"]}]}<\/script>\n<!-- \/ Yoast SEO plugin. -->","yoast_head_json":{"title":"About Us - Bean in Progress","description":"We care about a sustainable and fair way to source our special beans. Therefore, the beans we roast are all cultivated by selected farms. Together with our knowledge in coffee roasting we can promise you a delicious coffee experience.","robots":{"index":"index","follow":"follow","max-snippet":"max-snippet:-1","max-image-preview":"max-image-preview:large","max-video-preview":"max-video-preview:-1"},"canonical":"https:\/\/beaninprogress.com\/ch\/about-us\/","og_locale":"de_DE","og_type":"article","og_title":"About Us - Bean in Progress","og_description":"We care about a sustainable and fair way to source our special beans. Therefore, the beans we roast are all cultivated by selected farms. Together with our knowledge in coffee roasting we can promise you a delicious coffee experience.","og_url":"https:\/\/beaninprogress.com\/ch\/about-us\/","og_site_name":"Bean in Progress","article_publisher":"https:\/\/facebook.com\/beaninprogress","article_modified_time":"2025-01-31T19:38:06+00:00","twitter_card":"summary_large_image","twitter_misc":{"Gesch\u00e4tzte Lesezeit":"2\u00a0Minuten"},"schema":{"@context":"https:\/\/schema.org","@graph":[{"@type":["WebPage","AboutPage"],"@id":"https:\/\/beaninprogress.com\/about-us\/","url":"https:\/\/beaninprogress.com\/about-us\/","name":"About Us - Bean in Progress","isPartOf":{"@id":"https:\/\/beaninprogress.com\/#website"},"datePublished":"2023-10-04T17:56:57+00:00","dateModified":"2025-01-31T19:38:06+00:00","description":"We care about a sustainable and fair way to source our special beans. Therefore, the beans we roast are all cultivated by selected farms. Together with our knowledge in coffee roasting we can promise you a delicious coffee experience.","breadcrumb":{"@id":"https:\/\/beaninprogress.com\/about-us\/#breadcrumb"},"inLanguage":"de-CH","potentialAction":[{"@type":"ReadAction","target":["https:\/\/beaninprogress.com\/about-us\/"]}]},{"@type":"BreadcrumbList","@id":"https:\/\/beaninprogress.com\/about-us\/#breadcrumb","itemListElement":[{"@type":"ListItem","position":1,"name":"Home","item":"https:\/\/beaninprogress.com\/"},{"@type":"ListItem","position":2,"name":"About Us"}]},{"@type":"WebSite","@id":"https:\/\/beaninprogress.com\/#website","url":"https:\/\/beaninprogress.com\/","name":"Bean in Progress","description":"Speciality Coffee &amp; Roastery","publisher":{"@id":"https:\/\/beaninprogress.com\/#organization"},"potentialAction":[{"@type":"SearchAction","target":{"@type":"EntryPoint","urlTemplate":"https:\/\/beaninprogress.com\/?s={search_term_string}"},"query-input":"required name=search_term_string"}],"inLanguage":"de-CH"},{"@type":"Organization","@id":"https:\/\/beaninprogress.com\/#organization","name":"Bean in Progress","url":"https:\/\/beaninprogress.com\/","logo":{"@type":"ImageObject","inLanguage":"de-CH","@id":"https:\/\/beaninprogress.com\/#\/schema\/logo\/image\/","url":"https:\/\/beaninprogress.com\/wp-content\/uploads\/2023\/09\/bean-in-progress.png","contentUrl":"https:\/\/beaninprogress.com\/wp-content\/uploads\/2023\/09\/bean-in-progress.png","width":846,"height":361,"caption":"Bean in Progress"},"image":{"@id":"https:\/\/beaninprogress.com\/#\/schema\/logo\/image\/"},"sameAs":["https:\/\/facebook.com\/beaninprogress","https:\/\/www.instagram.com\/beaninprogress\/#"]}]}},"_links":{"self":[{"href":"https:\/\/beaninprogress.com\/ch\/wp-json\/wp\/v2\/pages\/368","targetHints":{"allow":["GET"]}}],"collection":[{"href":"https:\/\/beaninprogress.com\/ch\/wp-json\/wp\/v2\/pages"}],"about":[{"href":"https:\/\/beaninprogress.com\/ch\/wp-json\/wp\/v2\/types\/page"}],"author":[{"embeddable":true,"href":"https:\/\/beaninprogress.com\/ch\/wp-json\/wp\/v2\/users\/1"}],"replies":[{"embeddable":true,"href":"https:\/\/beaninprogress.com\/ch\/wp-json\/wp\/v2\/comments?post=368"}],"version-history":[{"count":49,"href":"https:\/\/beaninprogress.com\/ch\/wp-json\/wp\/v2\/pages\/368\/revisions"}],"predecessor-version":[{"id":1866,"href":"https:\/\/beaninprogress.com\/ch\/wp-json\/wp\/v2\/pages\/368\/revisions\/1866"}],"wp:attachment":[{"href":"https:\/\/beaninprogress.com\/ch\/wp-json\/wp\/v2\/media?parent=368"}],"curies":[{"name":"wp","href":"https:\/\/api.w.org\/{rel}","templated":true}]}}