{"id":379,"date":"2023-10-04T18:13:03","date_gmt":"2023-10-04T18:13:03","guid":{"rendered":"https:\/\/beaninprogress.com\/?page_id=379"},"modified":"2025-02-02T09:49:49","modified_gmt":"2025-02-02T09:49:49","slug":"contact","status":"publish","type":"page","link":"https:\/\/beaninprogress.com\/ch\/contact\/","title":{"rendered":"Kontakt"},"content":{"rendered":"<div data-elementor-type=\"wp-page\" data-elementor-id=\"379\" class=\"elementor elementor-379\" data-elementor-post-type=\"page\">\n\t\t\t\t<div class=\"elementor-element elementor-element-ccb7527 e-flex e-con-boxed e-con e-parent\" data-id=\"ccb7527\" data-element_type=\"container\" data-settings=\"{&quot;background_background&quot;:&quot;classic&quot;}\">\n\t\t\t\t\t<div class=\"e-con-inner\">\n\t\t<div class=\"elementor-element elementor-element-e4628f4 e-flex e-con-boxed e-con e-child\" data-id=\"e4628f4\" data-element_type=\"container\">\n\t\t\t\t\t<div class=\"e-con-inner\">\n\t\t\t\t\t<\/div>\n\t\t\t\t<\/div>\n\t\t\t\t\t<\/div>\n\t\t\t\t<\/div>\n\t\t<div class=\"elementor-element elementor-element-67c2863 e-con-full e-flex e-con e-parent\" data-id=\"67c2863\" data-element_type=\"container\" data-settings=\"{&quot;background_background&quot;:&quot;classic&quot;}\">\n\t\t\t\t<\/div>\n\t\t<div class=\"elementor-element elementor-element-b06eddd e-flex e-con-boxed e-con e-parent\" data-id=\"b06eddd\" data-element_type=\"container\">\n\t\t\t\t\t<div class=\"e-con-inner\">\n\t\t<div class=\"elementor-element elementor-element-d6b9676 e-con-full e-flex e-con e-child\" data-id=\"d6b9676\" data-element_type=\"container\">\n\t\t\t\t<div class=\"elementor-element elementor-element-0ee55d8 elementor-position-left elementor-vertical-align-middle elementor-view-default elementor-mobile-position-top elementor-widget elementor-widget-icon-box\" data-id=\"0ee55d8\" data-element_type=\"widget\" data-widget_type=\"icon-box.default\">\n\t\t\t\t<div class=\"elementor-widget-container\">\n\t\t\t<link rel=\"stylesheet\" href=\"https:\/\/beaninprogress.com\/wp-content\/plugins\/elementor\/assets\/css\/widget-icon-box.min.css\">\t\t<div class=\"elementor-icon-box-wrapper\">\n\n\t\t\t\t\t\t<div class=\"elementor-icon-box-icon\">\n\t\t\t\t<span  class=\"elementor-icon elementor-animation-\">\n\t\t\t\t<i aria-hidden=\"true\" class=\"far fa-envelope\"><\/i>\t\t\t\t<\/span>\n\t\t\t<\/div>\n\t\t\t\n\t\t\t\t\t\t<div class=\"elementor-icon-box-content\">\n\n\t\t\t\t\n\t\t\t\t\t\t\t\t\t<p class=\"elementor-icon-box-description\">\n\t\t\t\t\t\t<span style=\"color: rgb(0, 0, 0); font-family: Kodchasan, sans-serif; font-size: 28px;\">eMail: <\/span>hello@beaninprogress.com\t\t\t\t\t<\/p>\n\t\t\t\t\n\t\t\t<\/div>\n\t\t\t\n\t\t<\/div>\n\t\t\t\t<\/div>\n\t\t\t\t<\/div>\n\t\t\t\t<div class=\"elementor-element elementor-element-40f16ec elementor-position-left elementor-vertical-align-middle elementor-view-default elementor-mobile-position-top elementor-widget elementor-widget-icon-box\" data-id=\"40f16ec\" data-element_type=\"widget\" data-widget_type=\"icon-box.default\">\n\t\t\t\t<div class=\"elementor-widget-container\">\n\t\t\t\t\t<div class=\"elementor-icon-box-wrapper\">\n\n\t\t\t\t\t\t<div class=\"elementor-icon-box-icon\">\n\t\t\t\t<span  class=\"elementor-icon elementor-animation-\">\n\t\t\t\t<i aria-hidden=\"true\" class=\"fas fa-coffee\"><\/i>\t\t\t\t<\/span>\n\t\t\t<\/div>\n\t\t\t\n\t\t\t\t\t\t<div class=\"elementor-icon-box-content\">\n\n\t\t\t\t\n\t\t\t\t\t\t\t\t\t<p class=\"elementor-icon-box-description\">\n\t\t\t\t\t\t<span style=\"color: rgb(0, 0, 0); font-family: Kodchasan, sans-serif; font-size: 28px;\">Caf\u00e9: <\/span>\n\nRebgasse 1, 4058 Basel\t\t\t\t\t<\/p>\n\t\t\t\t\n\t\t\t<\/div>\n\t\t\t\n\t\t<\/div>\n\t\t\t\t<\/div>\n\t\t\t\t<\/div>\n\t\t\t\t<div class=\"elementor-element elementor-element-ef7313f elementor-position-left elementor-vertical-align-middle elementor-view-default elementor-mobile-position-top elementor-widget elementor-widget-icon-box\" data-id=\"ef7313f\" data-element_type=\"widget\" data-widget_type=\"icon-box.default\">\n\t\t\t\t<div class=\"elementor-widget-container\">\n\t\t\t\t\t<div class=\"elementor-icon-box-wrapper\">\n\n\t\t\t\t\t\t<div class=\"elementor-icon-box-icon\">\n\t\t\t\t<span  class=\"elementor-icon elementor-animation-\">\n\t\t\t\t<i aria-hidden=\"true\" class=\"fas fa-city\"><\/i>\t\t\t\t<\/span>\n\t\t\t<\/div>\n\t\t\t\n\t\t\t\t\t\t<div class=\"elementor-icon-box-content\">\n\n\t\t\t\t\n\t\t\t\t\t\t\t\t\t<p class=\"elementor-icon-box-description\">\n\t\t\t\t\t\t<span style=\"color: rgb(0, 0, 0); font-family: Kodchasan, sans-serif; font-size: 28px;\">Roastery: <\/span>\n\nAktienm\u00fchle: G\u00e4rtnerstrasse 46 - 4057 Basel \t\t\t\t\t<\/p>\n\t\t\t\t\n\t\t\t<\/div>\n\t\t\t\n\t\t<\/div>\n\t\t\t\t<\/div>\n\t\t\t\t<\/div>\n\t\t\t\t<div class=\"elementor-element elementor-element-41b78ba elementor-position-left elementor-vertical-align-middle elementor-view-default elementor-mobile-position-top elementor-widget elementor-widget-icon-box\" data-id=\"41b78ba\" data-element_type=\"widget\" data-widget_type=\"icon-box.default\">\n\t\t\t\t<div class=\"elementor-widget-container\">\n\t\t\t\t\t<div class=\"elementor-icon-box-wrapper\">\n\n\t\t\t\t\t\t<div class=\"elementor-icon-box-icon\">\n\t\t\t\t<span  class=\"elementor-icon elementor-animation-\">\n\t\t\t\t<i aria-hidden=\"true\" class=\"fas fa-store-alt\"><\/i>\t\t\t\t<\/span>\n\t\t\t<\/div>\n\t\t\t\n\t\t\t\t\t\t<div class=\"elementor-icon-box-content\">\n\n\t\t\t\t\n\t\t\t\t\t\t\t\t\t<p class=\"elementor-icon-box-description\">\n\t\t\t\t\t\t<span style=\"color: rgb(0, 0, 0); font-family: Kodchasan, sans-serif; font-size: 28px;\">Office: <\/span>\n\nIm Kirschgarten 29,\n4102 Binningen\t\t\t\t\t<\/p>\n\t\t\t\t\n\t\t\t<\/div>\n\t\t\t\n\t\t<\/div>\n\t\t\t\t<\/div>\n\t\t\t\t<\/div>\n\t\t\t\t<\/div>\n\t\t<div class=\"elementor-element elementor-element-304a7ea e-con-full e-flex e-con e-child\" data-id=\"304a7ea\" data-element_type=\"container\">\n\t\t\t\t<div class=\"elementor-element elementor-element-412e132 elementor-widget elementor-widget-google_maps\" data-id=\"412e132\" data-element_type=\"widget\" data-widget_type=\"google_maps.default\">\n\t\t\t\t<div class=\"elementor-widget-container\">\n\t\t\t<style>\/*! elementor - v3.23.0 - 05-08-2024 *\/\n.elementor-widget-google_maps .elementor-widget-container{overflow:hidden}.elementor-widget-google_maps .elementor-custom-embed{line-height:0}.elementor-widget-google_maps iframe{height:300px}<\/style>\t\t<div class=\"elementor-custom-embed\">\n\t\t\t<iframe loading=\"lazy\"\n\t\t\t\t\tsrc=\"https:\/\/maps.google.com\/maps?q=Rebgasse%201%2C%204058%20Basel&#038;t=m&#038;z=14&#038;output=embed&#038;iwloc=near\"\n\t\t\t\t\ttitle=\"Rebgasse 1, 4058 Basel\"\n\t\t\t\t\taria-label=\"Rebgasse 1, 4058 Basel\"\n\t\t\t><\/iframe>\n\t\t<\/div>\n\t\t\t\t<\/div>\n\t\t\t\t<\/div>\n\t\t\t\t<\/div>\n\t\t\t\t\t<\/div>\n\t\t\t\t<\/div>\n\t\t\t\t<\/div>","protected":false},"excerpt":{"rendered":"<p>eMail: hello@beaninprogress.com Caf\u00e9: Rebgasse 1, 4058 Basel Roastery: Aktienm\u00fchle: G\u00e4rtnerstrasse 46 &#8211; 4057 Basel Office: Im Kirschgarten 29, 4102 Binningen<\/p>","protected":false},"author":1,"featured_media":0,"parent":0,"menu_order":0,"comment_status":"closed","ping_status":"closed","template":"elementor_header_footer","meta":{"_acf_changed":false,"footnotes":""},"class_list":["post-379","page","type-page","status-publish","hentry"],"acf":[],"yoast_head":"<!-- This site is optimized with the Yoast SEO plugin v22.8 - https:\/\/yoast.com\/wordpress\/plugins\/seo\/ -->\n<title>Contact - Bean in Progress<\/title>\n<meta name=\"robots\" content=\"index, follow, max-snippet:-1, max-image-preview:large, max-video-preview:-1\" \/>\n<link rel=\"canonical\" href=\"https:\/\/beaninprogress.com\/ch\/contact\/\" \/>\n<meta property=\"og:locale\" content=\"de_DE\" \/>\n<meta property=\"og:type\" content=\"article\" \/>\n<meta property=\"og:title\" content=\"Contact - Bean in Progress\" \/>\n<meta property=\"og:description\" content=\"eMail: hello@beaninprogress.com Caf\u00e9: Rebgasse 1, 4058 Basel Roastery: Aktienm\u00fchle: G\u00e4rtnerstrasse 46 &#8211; 4057 Basel Office: Im Kirschgarten 29, 4102 Binningen\" \/>\n<meta property=\"og:url\" content=\"https:\/\/beaninprogress.com\/ch\/contact\/\" \/>\n<meta property=\"og:site_name\" content=\"Bean in Progress\" \/>\n<meta property=\"article:publisher\" content=\"https:\/\/facebook.com\/beaninprogress\" \/>\n<meta property=\"article:modified_time\" content=\"2025-02-02T09:49:49+00:00\" \/>\n<meta name=\"twitter:card\" content=\"summary_large_image\" \/>\n<meta name=\"twitter:label1\" content=\"Gesch\u00e4tzte Lesezeit\" \/>\n\t<meta name=\"twitter:data1\" content=\"1\u00a0Minute\" \/>\n<script type=\"application\/ld+json\" class=\"yoast-schema-graph\">{\"@context\":\"https:\/\/schema.org\",\"@graph\":[{\"@type\":\"WebPage\",\"@id\":\"https:\/\/beaninprogress.com\/contact\/\",\"url\":\"https:\/\/beaninprogress.com\/contact\/\",\"name\":\"Contact - Bean in Progress\",\"isPartOf\":{\"@id\":\"https:\/\/beaninprogress.com\/#website\"},\"datePublished\":\"2023-10-04T18:13:03+00:00\",\"dateModified\":\"2025-02-02T09:49:49+00:00\",\"breadcrumb\":{\"@id\":\"https:\/\/beaninprogress.com\/contact\/#breadcrumb\"},\"inLanguage\":\"de-CH\",\"potentialAction\":[{\"@type\":\"ReadAction\",\"target\":[\"https:\/\/beaninprogress.com\/contact\/\"]}]},{\"@type\":\"BreadcrumbList\",\"@id\":\"https:\/\/beaninprogress.com\/contact\/#breadcrumb\",\"itemListElement\":[{\"@type\":\"ListItem\",\"position\":1,\"name\":\"Home\",\"item\":\"https:\/\/beaninprogress.com\/\"},{\"@type\":\"ListItem\",\"position\":2,\"name\":\"Contact\"}]},{\"@type\":\"WebSite\",\"@id\":\"https:\/\/beaninprogress.com\/#website\",\"url\":\"https:\/\/beaninprogress.com\/\",\"name\":\"Bean in Progress\",\"description\":\"Speciality Coffee &amp; Roastery\",\"publisher\":{\"@id\":\"https:\/\/beaninprogress.com\/#organization\"},\"potentialAction\":[{\"@type\":\"SearchAction\",\"target\":{\"@type\":\"EntryPoint\",\"urlTemplate\":\"https:\/\/beaninprogress.com\/?s={search_term_string}\"},\"query-input\":\"required name=search_term_string\"}],\"inLanguage\":\"de-CH\"},{\"@type\":\"Organization\",\"@id\":\"https:\/\/beaninprogress.com\/#organization\",\"name\":\"Bean in Progress\",\"url\":\"https:\/\/beaninprogress.com\/\",\"logo\":{\"@type\":\"ImageObject\",\"inLanguage\":\"de-CH\",\"@id\":\"https:\/\/beaninprogress.com\/#\/schema\/logo\/image\/\",\"url\":\"https:\/\/beaninprogress.com\/wp-content\/uploads\/2023\/09\/bean-in-progress.png\",\"contentUrl\":\"https:\/\/beaninprogress.com\/wp-content\/uploads\/2023\/09\/bean-in-progress.png\",\"width\":846,\"height\":361,\"caption\":\"Bean in Progress\"},\"image\":{\"@id\":\"https:\/\/beaninprogress.com\/#\/schema\/logo\/image\/\"},\"sameAs\":[\"https:\/\/facebook.com\/beaninprogress\",\"https:\/\/www.instagram.com\/beaninprogress\/#\"]}]}<\/script>\n<!-- \/ Yoast SEO plugin. -->","yoast_head_json":{"title":"Contact - Bean in Progress","robots":{"index":"index","follow":"follow","max-snippet":"max-snippet:-1","max-image-preview":"max-image-preview:large","max-video-preview":"max-video-preview:-1"},"canonical":"https:\/\/beaninprogress.com\/ch\/contact\/","og_locale":"de_DE","og_type":"article","og_title":"Contact - Bean in Progress","og_description":"eMail: hello@beaninprogress.com Caf\u00e9: Rebgasse 1, 4058 Basel Roastery: Aktienm\u00fchle: G\u00e4rtnerstrasse 46 &#8211; 4057 Basel Office: Im Kirschgarten 29, 4102 Binningen","og_url":"https:\/\/beaninprogress.com\/ch\/contact\/","og_site_name":"Bean in Progress","article_publisher":"https:\/\/facebook.com\/beaninprogress","article_modified_time":"2025-02-02T09:49:49+00:00","twitter_card":"summary_large_image","twitter_misc":{"Gesch\u00e4tzte Lesezeit":"1\u00a0Minute"},"schema":{"@context":"https:\/\/schema.org","@graph":[{"@type":"WebPage","@id":"https:\/\/beaninprogress.com\/contact\/","url":"https:\/\/beaninprogress.com\/contact\/","name":"Contact - Bean in Progress","isPartOf":{"@id":"https:\/\/beaninprogress.com\/#website"},"datePublished":"2023-10-04T18:13:03+00:00","dateModified":"2025-02-02T09:49:49+00:00","breadcrumb":{"@id":"https:\/\/beaninprogress.com\/contact\/#breadcrumb"},"inLanguage":"de-CH","potentialAction":[{"@type":"ReadAction","target":["https:\/\/beaninprogress.com\/contact\/"]}]},{"@type":"BreadcrumbList","@id":"https:\/\/beaninprogress.com\/contact\/#breadcrumb","itemListElement":[{"@type":"ListItem","position":1,"name":"Home","item":"https:\/\/beaninprogress.com\/"},{"@type":"ListItem","position":2,"name":"Contact"}]},{"@type":"WebSite","@id":"https:\/\/beaninprogress.com\/#website","url":"https:\/\/beaninprogress.com\/","name":"Bean in Progress","description":"Speciality Coffee &amp; Roastery","publisher":{"@id":"https:\/\/beaninprogress.com\/#organization"},"potentialAction":[{"@type":"SearchAction","target":{"@type":"EntryPoint","urlTemplate":"https:\/\/beaninprogress.com\/?s={search_term_string}"},"query-input":"required name=search_term_string"}],"inLanguage":"de-CH"},{"@type":"Organization","@id":"https:\/\/beaninprogress.com\/#organization","name":"Bean in Progress","url":"https:\/\/beaninprogress.com\/","logo":{"@type":"ImageObject","inLanguage":"de-CH","@id":"https:\/\/beaninprogress.com\/#\/schema\/logo\/image\/","url":"https:\/\/beaninprogress.com\/wp-content\/uploads\/2023\/09\/bean-in-progress.png","contentUrl":"https:\/\/beaninprogress.com\/wp-content\/uploads\/2023\/09\/bean-in-progress.png","width":846,"height":361,"caption":"Bean in Progress"},"image":{"@id":"https:\/\/beaninprogress.com\/#\/schema\/logo\/image\/"},"sameAs":["https:\/\/facebook.com\/beaninprogress","https:\/\/www.instagram.com\/beaninprogress\/#"]}]}},"_links":{"self":[{"href":"https:\/\/beaninprogress.com\/ch\/wp-json\/wp\/v2\/pages\/379","targetHints":{"allow":["GET"]}}],"collection":[{"href":"https:\/\/beaninprogress.com\/ch\/wp-json\/wp\/v2\/pages"}],"about":[{"href":"https:\/\/beaninprogress.com\/ch\/wp-json\/wp\/v2\/types\/page"}],"author":[{"embeddable":true,"href":"https:\/\/beaninprogress.com\/ch\/wp-json\/wp\/v2\/users\/1"}],"replies":[{"embeddable":true,"href":"https:\/\/beaninprogress.com\/ch\/wp-json\/wp\/v2\/comments?post=379"}],"version-history":[{"count":64,"href":"https:\/\/beaninprogress.com\/ch\/wp-json\/wp\/v2\/pages\/379\/revisions"}],"predecessor-version":[{"id":1916,"href":"https:\/\/beaninprogress.com\/ch\/wp-json\/wp\/v2\/pages\/379\/revisions\/1916"}],"wp:attachment":[{"href":"https:\/\/beaninprogress.com\/ch\/wp-json\/wp\/v2\/media?parent=379"}],"curies":[{"name":"wp","href":"https:\/\/api.w.org\/{rel}","templated":true}]}}