{"id":463,"date":"2023-10-06T06:41:06","date_gmt":"2023-10-06T06:41:06","guid":{"rendered":"https:\/\/beaninprogress.com\/?page_id=463"},"modified":"2025-01-31T20:07:46","modified_gmt":"2025-01-31T20:07:46","slug":"privacy-policy","status":"publish","type":"page","link":"https:\/\/beaninprogress.com\/ch\/privacy-policy\/","title":{"rendered":"Datenschutzrichtlinie"},"content":{"rendered":"<div data-elementor-type=\"wp-page\" data-elementor-id=\"463\" class=\"elementor elementor-463\" data-elementor-post-type=\"page\">\n\t\t\t\t<div class=\"elementor-element elementor-element-ccb7527 e-flex e-con-boxed e-con e-parent\" data-id=\"ccb7527\" data-element_type=\"container\" data-settings=\"{&quot;background_background&quot;:&quot;classic&quot;}\">\n\t\t\t\t\t<div class=\"e-con-inner\">\n\t\t<div class=\"elementor-element elementor-element-e4628f4 e-flex e-con-boxed e-con e-child\" data-id=\"e4628f4\" data-element_type=\"container\">\n\t\t\t\t\t<div class=\"e-con-inner\">\n\t\t\t\t\t<\/div>\n\t\t\t\t<\/div>\n\t\t\t\t\t<\/div>\n\t\t\t\t<\/div>\n\t\t<div class=\"elementor-element elementor-element-fcc3f09 e-flex e-con-boxed e-con e-parent\" data-id=\"fcc3f09\" data-element_type=\"container\">\n\t\t\t\t\t<div class=\"e-con-inner\">\n\t\t<div class=\"elementor-element elementor-element-9546de2 e-flex e-con-boxed e-con e-child\" data-id=\"9546de2\" data-element_type=\"container\">\n\t\t\t\t\t<div class=\"e-con-inner\">\n\t\t\t\t<div class=\"elementor-element elementor-element-19a340e elementor-widget elementor-widget-text-editor\" data-id=\"19a340e\" data-element_type=\"widget\" data-widget_type=\"text-editor.default\">\n\t\t\t\t<div class=\"elementor-widget-container\">\n\t\t\t<style>\/*! elementor - v3.23.0 - 05-08-2024 *\/\n.elementor-widget-text-editor.elementor-drop-cap-view-stacked .elementor-drop-cap{background-color:#69727d;color:#fff}.elementor-widget-text-editor.elementor-drop-cap-view-framed .elementor-drop-cap{color:#69727d;border:3px solid;background-color:transparent}.elementor-widget-text-editor:not(.elementor-drop-cap-view-default) .elementor-drop-cap{margin-top:8px}.elementor-widget-text-editor:not(.elementor-drop-cap-view-default) .elementor-drop-cap-letter{width:1em;height:1em}.elementor-widget-text-editor .elementor-drop-cap{float:left;text-align:center;line-height:1;font-size:50px}.elementor-widget-text-editor .elementor-drop-cap-letter{display:inline-block}<\/style>\t\t\t\t<p><span style=\"font-weight: 400;\">Datenschutzerkl\u00e4rung<\/span><\/p><p>\u00a0<\/p><p><span style=\"font-weight: 400;\">Bean in Progress verpflichtet sich zum Schutz Ihrer Privatsph\u00e4re und dazu, sicherzustellen, dass Sie eine positive Erfahrung auf unserer Website haben. Diese Datenschutzerkl\u00e4rung erl\u00e4utert unsere Praktiken bez\u00fcglich der Erhebung, Verwendung und Weitergabe von Informationen, die Sie uns \u00fcber unsere Website zur Verf\u00fcgung stellen. Durch den Besuch dieser Website stimmen Sie den in dieser Datenschutzerkl\u00e4rung beschriebenen Bedingungen zu.<\/span><\/p><p>\u00a0<\/p><ol><li><span style=\"font-weight: 400;\"> Informationen, die wir sammeln<\/span><\/li><\/ol><p>\u00a0<\/p><ul><li style=\"font-weight: 400;\" aria-level=\"1\"><span style=\"font-weight: 400;\">Wir sammeln pers\u00f6nliche Informationen, die Sie uns freiwillig zur Verf\u00fcgung stellen, wie z.B. Ihren Namen, Ihre E-Mail-Adresse, Ihre Postanschrift, Ihre Telefonnummer und andere Kontaktinformationen. Wir k\u00f6nnen auch nicht-personenbezogene Informationen wie Ihre IP-Adresse, den Browsertyp, das Betriebssystem und das Datum und die Uhrzeit Ihres Besuchs sammeln.\u00a0<\/span><\/li><li style=\"font-weight: 400;\" aria-level=\"1\"><span style=\"font-weight: 400;\">We may also collect non-personal information, such as your IP address, browser type, operating system, and the date and time of your visit for statistical purposes.<\/span><\/li><\/ul><p>\u00a0<\/p><ol start=\"2\"><li><span style=\"font-weight: 400;\"> Wie wir Ihre Informationen verwenden<\/span><\/li><\/ol><p>\u00a0<\/p><p><span style=\"font-weight: 400;\">Wir k\u00f6nnen die von uns gesammelten Informationen f\u00fcr verschiedene Zwecke verwenden, einschlie\u00dflich:<\/span><\/p><p>\u00a0<\/p><p><span style=\"font-weight: 400;\">- Um auf Ihre Anfragen zu antworten und Kundensupport bereitzustellen.<\/span><\/p><p><span style=\"font-weight: 400;\">\u2013 Um Ihre Bestellung zu versenden<\/span><\/p><p><span style=\"font-weight: 400;\">- Um Ihnen Updates, Newsletter und Werbematerialien zu senden.<\/span><\/p><p><span style=\"font-weight: 400;\">- Um unsere Website zu verbessern und Ihr Benutzererlebnis zu optimieren.<\/span><\/p><p><span style=\"font-weight: 400;\">- Um Trends zu analysieren und demografische Informationen zu sammeln.<\/span><\/p><p><span style=\"font-weight: 400;\">- Um rechtlichen Verpflichtungen nachzukommen.<\/span><\/p><p>\u00a0<\/p><ol start=\"3\"><li><span style=\"font-weight: 400;\"> Weitergabe Ihrer Informationen<\/span><\/li><\/ol><p>\u00a0<\/p><p><span style=\"font-weight: 400;\">Wir verkaufen, handeln oder \u00fcbertragen Ihre pers\u00f6nlichen Informationen ohne Ihre Zustimmung nicht an externe Parteien, au\u00dfer wie unten beschrieben:<\/span><\/p><p>\u00a0<\/p><p><span style=\"font-weight: 400;\">Wir k\u00f6nnen Ihre Informationen mit vertrauensw\u00fcrdigen Dritten teilen, die uns bei der Betreibung unserer Website, der Durchf\u00fchrung unseres Gesch\u00e4fts oder der Betreuung Ihrer Anliegen unterst\u00fctzen.<\/span><\/p><p><span style=\"font-weight: 400;\">Wir k\u00f6nnen Ihre Informationen freigeben, wenn wir glauben, dass dies angemessen ist, um dem Gesetz zu entsprechen, unsere Website-Richtlinien durchzusetzen oder unsere oder andere Rechte, Eigentum oder Sicherheit zu sch\u00fctzen.<\/span><\/p><p>\u00a0<\/p><ol start=\"4\"><li><span style=\"font-weight: 400;\"> Sicherheit<\/span><\/li><\/ol><p>\u00a0<\/p><p><span style=\"font-weight: 400;\">Wir ergreifen angemessene Ma\u00dfnahmen, um die von Ihnen bereitgestellten Informationen zu sch\u00fctzen. Keine Daten\u00fcbertragung \u00fcber das Internet oder elektronische Speicherung ist jedoch v\u00f6llig sicher, daher k\u00f6nnen wir die Sicherheit Ihrer Informationen nicht garantieren.<\/span><\/p><p>\u00a0<\/p><ol start=\"5\"><li><span style=\"font-weight: 400;\"> Ihre Wahlm\u00f6glichkeiten<\/span><\/li><\/ol><p>\u00a0<\/p><p><span style=\"font-weight: 400;\">Sie k\u00f6nnen sich von unserem E-Mail-Verteiler abmelden, indem Sie den Anweisungen in diesen E-Mails folgen. Sie k\u00f6nnen uns auch kontaktieren, um Ihre Informationen zu aktualisieren oder zu beantragen, dass wir Ihre Informationen aus unserer Datenbank entfernen.<\/span><\/p><p>\u00a0<\/p><ol start=\"6\"><li><span style=\"font-weight: 400;\"> \u00c4nderungen dieser Datenschutzerkl\u00e4rung<\/span><\/li><\/ol><p>\u00a0<\/p><p><span style=\"font-weight: 400;\">Wir k\u00f6nnen diese Datenschutzerkl\u00e4rung von Zeit zu Zeit aktualisieren, indem wir die \u00fcberarbeitete Erkl\u00e4rung auf dieser Seite ver\u00f6ffentlichen. Bitte schauen Sie gelegentlich vorbei, um sich \u00fcber etwaige \u00c4nderungen zu informieren.<\/span><\/p><p>\u00a0<\/p><ol start=\"7\"><li><span style=\"font-weight: 400;\"> Kontakt<\/span><\/li><\/ol><p>\u00a0<\/p><p><span style=\"font-weight: 400;\">Wenn Sie Fragen oder Bedenken zu dieser Datenschutzerkl\u00e4rung oder unseren Praktiken haben, kontaktieren Sie uns unter hello@beaninprogress.com.<\/span><\/p><p><br \/><br \/><br \/><\/p><p><span style=\"font-weight: 400;\">Von uns genutzte Dienste Dritter:<\/span><\/p><p>\u00a0<\/p><p><span style=\"font-weight: 400;\">Google Analytics:<\/span><\/p><p><span style=\"font-weight: 400;\">Wie funktioniert Google Analytics?<\/span><\/p><p><span style=\"font-weight: 400;\">Unsere Website nutzt Google Analytics, einen Dienst der Google Ireland Ltd., Google Building Gordon House, Barrow St, Dublin 4, Irland und Google LLC, 1600 Amphitheatre Parkway Mountain View, CA 94043, USA; beide zusammen \u201eGoogle\u201c, wobei Google Ireland Ltd. f\u00fcr die Verarbeitung personenbezogener Daten verantwortlich ist. Google verwendet Cookies, die auf Ihrem Ger\u00e4t gespeichert werden und eine Analyse der Website durch Sie erm\u00f6glichen. Die durch den Cookie erzeugten Informationen \u00fcber Ihre Benutzung dieser Website werden an einen Server von Google in den USA \u00fcbertragen und dort gespeichert. Wir haben Google Analytics um den Code \u201eanonymizeIP\u201c erweitert. Dadurch wird sichergestellt, dass alle Daten anonym erhoben werden. Nur in Ausnahmef\u00e4llen wird die volle IP-Adresse an einen Server von Google in den USA \u00fcbertragen und dort gek\u00fcrzt.<\/span><\/p><p><span style=\"font-weight: 400;\">Warum d\u00fcrfen wir Google Analytics verwenden?<\/span><\/p><p><span style=\"font-weight: 400;\">Google wertet in unserem Auftrag die erhobenen Daten aus, damit wir uns ein Bild \u00fcber die Besuche und das Nutzerverhalten auf unserer Website machen k\u00f6nnen. Dadurch k\u00f6nnen wir unsere Dienstleistungen sowie den Inhalt und das Design unserer Website verbessern.<\/span><\/p><p><span style=\"font-weight: 400;\">Wie k\u00f6nnen Sie verhindern, dass Google Analytics Ihre Daten erfasst?<\/span><\/p><p><span style=\"font-weight: 400;\">Sie k\u00f6nnen die Speicherung von Cookies verhindern, indem Sie die Einstellungen in Ihrem Browser entsprechend anpassen (siehe unsere Hinweise zu Cookies). Sie k\u00f6nnen Google Analytics deaktivieren, indem Sie das Google-Browser-Add-on herunterladen und installieren.<\/span><\/p><p>\u00a0<\/p><p><span style=\"font-weight: 400;\">Google Tag Manager:<\/span><\/p><p>\u00a0<\/p><p><span style=\"font-weight: 400;\">Wir nutzen auf unserer Website den Google Tag Manager. Dadurch werden Daten \u00fcber das Nutzerverhalten auf unserer Website erfasst und an unsere Analysetools weitergeleitet. Der Google Tag Manager hat keinen Zugriff auf die Daten, er sammelt lediglich die Daten. Da der Google Tag Manager keine personenbezogenen Daten verarbeitet, beachten Sie bitte die Erl\u00e4uterungen zu den jeweiligen Trackingdiensten und die Nutzungsrichtlinien von Google Tag Manager. Nutzungsleitfaden<\/span><\/p><p>\u00a0<\/p><p><span style=\"font-weight: 400;\">Google Conversion linker:<\/span><\/p><p><span style=\"font-weight: 400;\">Wir nutzen den Google Conversion Linker, um zu vermeiden, dass die vom Google Conversion Tracking gesetzten Cookies l\u00e4nger als 24 Stunden gespeichert werden, falls ein webseiten\u00fcbergreifendes Tracking verhindert wird.<\/span><\/p>\t\t\t\t\t\t<\/div>\n\t\t\t\t<\/div>\n\t\t\t\t\t<\/div>\n\t\t\t\t<\/div>\n\t\t\t\t\t<\/div>\n\t\t\t\t<\/div>\n\t\t\t\t<\/div>","protected":false},"excerpt":{"rendered":"<p>Privacy Statement \u00a0 Bean in Progress is committed to protecting your privacy and ensuring you have a positive experience on our website. This Privacy Statement outlines our practices regarding the collection, use, and disclosure of information that you may provide through our website. By visiting this website, you agree to the terms outlined in this [&hellip;]<\/p>","protected":false},"author":1,"featured_media":0,"parent":0,"menu_order":0,"comment_status":"closed","ping_status":"closed","template":"elementor_header_footer","meta":{"_acf_changed":false,"footnotes":""},"class_list":["post-463","page","type-page","status-publish","hentry"],"acf":[],"yoast_head":"<!-- This site is optimized with the Yoast SEO plugin v22.8 - https:\/\/yoast.com\/wordpress\/plugins\/seo\/ -->\n<title>Privacy Policy - Bean in Progress<\/title>\n<meta name=\"robots\" content=\"index, follow, max-snippet:-1, max-image-preview:large, max-video-preview:-1\" \/>\n<link rel=\"canonical\" href=\"https:\/\/beaninprogress.com\/ch\/privacy-policy\/\" \/>\n<meta property=\"og:locale\" content=\"de_DE\" \/>\n<meta property=\"og:type\" content=\"article\" \/>\n<meta property=\"og:title\" content=\"Privacy Policy - Bean in Progress\" \/>\n<meta property=\"og:description\" content=\"Privacy Statement \u00a0 Bean in Progress is committed to protecting your privacy and ensuring you have a positive experience on our website. This Privacy Statement outlines our practices regarding the collection, use, and disclosure of information that you may provide through our website. By visiting this website, you agree to the terms outlined in this [&hellip;]\" \/>\n<meta property=\"og:url\" content=\"https:\/\/beaninprogress.com\/ch\/privacy-policy\/\" \/>\n<meta property=\"og:site_name\" content=\"Bean in Progress\" \/>\n<meta property=\"article:publisher\" content=\"https:\/\/facebook.com\/beaninprogress\" \/>\n<meta property=\"article:modified_time\" content=\"2025-01-31T20:07:46+00:00\" \/>\n<meta name=\"twitter:card\" content=\"summary_large_image\" \/>\n<meta name=\"twitter:label1\" content=\"Gesch\u00e4tzte Lesezeit\" \/>\n\t<meta name=\"twitter:data1\" content=\"4\u00a0Minuten\" \/>\n<script type=\"application\/ld+json\" class=\"yoast-schema-graph\">{\"@context\":\"https:\/\/schema.org\",\"@graph\":[{\"@type\":\"WebPage\",\"@id\":\"https:\/\/beaninprogress.com\/privacy-policy\/\",\"url\":\"https:\/\/beaninprogress.com\/privacy-policy\/\",\"name\":\"Privacy Policy - Bean in Progress\",\"isPartOf\":{\"@id\":\"https:\/\/beaninprogress.com\/#website\"},\"datePublished\":\"2023-10-06T06:41:06+00:00\",\"dateModified\":\"2025-01-31T20:07:46+00:00\",\"breadcrumb\":{\"@id\":\"https:\/\/beaninprogress.com\/privacy-policy\/#breadcrumb\"},\"inLanguage\":\"de-CH\",\"potentialAction\":[{\"@type\":\"ReadAction\",\"target\":[\"https:\/\/beaninprogress.com\/privacy-policy\/\"]}]},{\"@type\":\"BreadcrumbList\",\"@id\":\"https:\/\/beaninprogress.com\/privacy-policy\/#breadcrumb\",\"itemListElement\":[{\"@type\":\"ListItem\",\"position\":1,\"name\":\"Home\",\"item\":\"https:\/\/beaninprogress.com\/\"},{\"@type\":\"ListItem\",\"position\":2,\"name\":\"Privacy Policy\"}]},{\"@type\":\"WebSite\",\"@id\":\"https:\/\/beaninprogress.com\/#website\",\"url\":\"https:\/\/beaninprogress.com\/\",\"name\":\"Bean in Progress\",\"description\":\"Speciality Coffee &amp; Roastery\",\"publisher\":{\"@id\":\"https:\/\/beaninprogress.com\/#organization\"},\"potentialAction\":[{\"@type\":\"SearchAction\",\"target\":{\"@type\":\"EntryPoint\",\"urlTemplate\":\"https:\/\/beaninprogress.com\/?s={search_term_string}\"},\"query-input\":\"required name=search_term_string\"}],\"inLanguage\":\"de-CH\"},{\"@type\":\"Organization\",\"@id\":\"https:\/\/beaninprogress.com\/#organization\",\"name\":\"Bean in Progress\",\"url\":\"https:\/\/beaninprogress.com\/\",\"logo\":{\"@type\":\"ImageObject\",\"inLanguage\":\"de-CH\",\"@id\":\"https:\/\/beaninprogress.com\/#\/schema\/logo\/image\/\",\"url\":\"https:\/\/beaninprogress.com\/wp-content\/uploads\/2023\/09\/bean-in-progress.png\",\"contentUrl\":\"https:\/\/beaninprogress.com\/wp-content\/uploads\/2023\/09\/bean-in-progress.png\",\"width\":846,\"height\":361,\"caption\":\"Bean in Progress\"},\"image\":{\"@id\":\"https:\/\/beaninprogress.com\/#\/schema\/logo\/image\/\"},\"sameAs\":[\"https:\/\/facebook.com\/beaninprogress\",\"https:\/\/www.instagram.com\/beaninprogress\/#\"]}]}<\/script>\n<!-- \/ Yoast SEO plugin. -->","yoast_head_json":{"title":"Privacy Policy - Bean in Progress","robots":{"index":"index","follow":"follow","max-snippet":"max-snippet:-1","max-image-preview":"max-image-preview:large","max-video-preview":"max-video-preview:-1"},"canonical":"https:\/\/beaninprogress.com\/ch\/privacy-policy\/","og_locale":"de_DE","og_type":"article","og_title":"Privacy Policy - Bean in Progress","og_description":"Privacy Statement \u00a0 Bean in Progress is committed to protecting your privacy and ensuring you have a positive experience on our website. This Privacy Statement outlines our practices regarding the collection, use, and disclosure of information that you may provide through our website. By visiting this website, you agree to the terms outlined in this [&hellip;]","og_url":"https:\/\/beaninprogress.com\/ch\/privacy-policy\/","og_site_name":"Bean in Progress","article_publisher":"https:\/\/facebook.com\/beaninprogress","article_modified_time":"2025-01-31T20:07:46+00:00","twitter_card":"summary_large_image","twitter_misc":{"Gesch\u00e4tzte Lesezeit":"4\u00a0Minuten"},"schema":{"@context":"https:\/\/schema.org","@graph":[{"@type":"WebPage","@id":"https:\/\/beaninprogress.com\/privacy-policy\/","url":"https:\/\/beaninprogress.com\/privacy-policy\/","name":"Privacy Policy - Bean in Progress","isPartOf":{"@id":"https:\/\/beaninprogress.com\/#website"},"datePublished":"2023-10-06T06:41:06+00:00","dateModified":"2025-01-31T20:07:46+00:00","breadcrumb":{"@id":"https:\/\/beaninprogress.com\/privacy-policy\/#breadcrumb"},"inLanguage":"de-CH","potentialAction":[{"@type":"ReadAction","target":["https:\/\/beaninprogress.com\/privacy-policy\/"]}]},{"@type":"BreadcrumbList","@id":"https:\/\/beaninprogress.com\/privacy-policy\/#breadcrumb","itemListElement":[{"@type":"ListItem","position":1,"name":"Home","item":"https:\/\/beaninprogress.com\/"},{"@type":"ListItem","position":2,"name":"Privacy Policy"}]},{"@type":"WebSite","@id":"https:\/\/beaninprogress.com\/#website","url":"https:\/\/beaninprogress.com\/","name":"Bean in Progress","description":"Speciality Coffee &amp; Roastery","publisher":{"@id":"https:\/\/beaninprogress.com\/#organization"},"potentialAction":[{"@type":"SearchAction","target":{"@type":"EntryPoint","urlTemplate":"https:\/\/beaninprogress.com\/?s={search_term_string}"},"query-input":"required name=search_term_string"}],"inLanguage":"de-CH"},{"@type":"Organization","@id":"https:\/\/beaninprogress.com\/#organization","name":"Bean in Progress","url":"https:\/\/beaninprogress.com\/","logo":{"@type":"ImageObject","inLanguage":"de-CH","@id":"https:\/\/beaninprogress.com\/#\/schema\/logo\/image\/","url":"https:\/\/beaninprogress.com\/wp-content\/uploads\/2023\/09\/bean-in-progress.png","contentUrl":"https:\/\/beaninprogress.com\/wp-content\/uploads\/2023\/09\/bean-in-progress.png","width":846,"height":361,"caption":"Bean in Progress"},"image":{"@id":"https:\/\/beaninprogress.com\/#\/schema\/logo\/image\/"},"sameAs":["https:\/\/facebook.com\/beaninprogress","https:\/\/www.instagram.com\/beaninprogress\/#"]}]}},"_links":{"self":[{"href":"https:\/\/beaninprogress.com\/ch\/wp-json\/wp\/v2\/pages\/463","targetHints":{"allow":["GET"]}}],"collection":[{"href":"https:\/\/beaninprogress.com\/ch\/wp-json\/wp\/v2\/pages"}],"about":[{"href":"https:\/\/beaninprogress.com\/ch\/wp-json\/wp\/v2\/types\/page"}],"author":[{"embeddable":true,"href":"https:\/\/beaninprogress.com\/ch\/wp-json\/wp\/v2\/users\/1"}],"replies":[{"embeddable":true,"href":"https:\/\/beaninprogress.com\/ch\/wp-json\/wp\/v2\/comments?post=463"}],"version-history":[{"count":10,"href":"https:\/\/beaninprogress.com\/ch\/wp-json\/wp\/v2\/pages\/463\/revisions"}],"predecessor-version":[{"id":1908,"href":"https:\/\/beaninprogress.com\/ch\/wp-json\/wp\/v2\/pages\/463\/revisions\/1908"}],"wp:attachment":[{"href":"https:\/\/beaninprogress.com\/ch\/wp-json\/wp\/v2\/media?parent=463"}],"curies":[{"name":"wp","href":"https:\/\/api.w.org\/{rel}","templated":true}]}}