{"id":640,"date":"2023-10-15T11:06:36","date_gmt":"2023-10-15T11:06:36","guid":{"rendered":"https:\/\/beaninprogress.com\/?page_id=640"},"modified":"2025-01-31T20:05:07","modified_gmt":"2025-01-31T20:05:07","slug":"career","status":"publish","type":"page","link":"https:\/\/beaninprogress.com\/ch\/career\/","title":{"rendered":"Karriere"},"content":{"rendered":"<div data-elementor-type=\"wp-page\" data-elementor-id=\"640\" class=\"elementor elementor-640\" data-elementor-post-type=\"page\">\n\t\t\t\t<div class=\"elementor-element elementor-element-ccb7527 e-flex e-con-boxed e-con e-parent\" data-id=\"ccb7527\" data-element_type=\"container\" data-settings=\"{&quot;background_background&quot;:&quot;classic&quot;}\">\n\t\t\t\t\t<div class=\"e-con-inner\">\n\t\t<div class=\"elementor-element elementor-element-e4628f4 e-flex e-con-boxed e-con e-child\" data-id=\"e4628f4\" data-element_type=\"container\">\n\t\t\t\t\t<div class=\"e-con-inner\">\n\t\t\t\t\t<\/div>\n\t\t\t\t<\/div>\n\t\t\t\t\t<\/div>\n\t\t\t\t<\/div>\n\t\t<div class=\"elementor-element elementor-element-fcc3f09 e-flex e-con-boxed e-con e-parent\" data-id=\"fcc3f09\" data-element_type=\"container\">\n\t\t\t\t\t<div class=\"e-con-inner\">\n\t\t<div class=\"elementor-element elementor-element-9546de2 e-con-full e-flex e-con e-child\" data-id=\"9546de2\" data-element_type=\"container\">\n\t\t\t\t<div class=\"elementor-element elementor-element-19a340e elementor-widget elementor-widget-text-editor\" data-id=\"19a340e\" data-element_type=\"widget\" data-widget_type=\"text-editor.default\">\n\t\t\t\t<div class=\"elementor-widget-container\">\n\t\t\t<style>\/*! elementor - v3.23.0 - 05-08-2024 *\/\n.elementor-widget-text-editor.elementor-drop-cap-view-stacked .elementor-drop-cap{background-color:#69727d;color:#fff}.elementor-widget-text-editor.elementor-drop-cap-view-framed .elementor-drop-cap{color:#69727d;border:3px solid;background-color:transparent}.elementor-widget-text-editor:not(.elementor-drop-cap-view-default) .elementor-drop-cap{margin-top:8px}.elementor-widget-text-editor:not(.elementor-drop-cap-view-default) .elementor-drop-cap-letter{width:1em;height:1em}.elementor-widget-text-editor .elementor-drop-cap{float:left;text-align:center;line-height:1;font-size:50px}.elementor-widget-text-editor .elementor-drop-cap-letter{display:inline-block}<\/style>\t\t\t\t<h4><span style=\"font-weight: 400;\">Bean in Progress <br \/>Marketing &amp; Vertriebsleitung <br \/>(m\/f 50-100%)<\/span><\/h4><p><b>\u00dcber uns:<\/b><\/p><p><a href=\"https:\/\/beaninprogress.com\/ch\/\"><span style=\"font-weight: 400;\">www.beaninprogress.com<\/span><\/a><\/p><p><span style=\"font-weight: 400;\">Wir sind eine \"Mikro-R\u00f6sterei\" in Basel. Wir sind seit \u00fcber 5 Jahren in der Kaffeebranche t\u00e4tig und haben unsere eigene geliebte Marke \"Bean in Progress\" seit \u00fcber einem Jahr. Ja, wir sind ein Start-up!\u00a0<\/span><\/p><p><span style=\"font-weight: 400;\">Unsere Philosophie ist einfach: Streben Sie nach Fortschritt, nicht nach Perfektion! Wir wissen, dass der beste Kaffee nicht existiert. Wir k\u00f6nnen jedoch versprechen, dass unsere Bohnen immer in Entwicklung sind und wir Ihnen leckeren und besonderen Kaffee bieten. Bei Bean in Progress stehen wir sowohl bei der Beschaffung von Kaffeebohnen als auch bei der R\u00f6stung f\u00fcr Fortschritt. Es ist uns ein gro\u00dfes Anliegen, unseren Kunden qualitativ hochwertigen Kaffee zu bieten! Unsere Leidenschaft und Philosophie sind nicht nur in unserem Kaffee, sondern auch in unserem Service sichtbar. Alle unsere Produkte k\u00f6nnen auf lokalen M\u00e4rkten verkostet und gekauft oder online bestellt werden.<\/span><\/p><p><span style=\"font-weight: 400;\">Wir freuen uns darauf, noch weiter zu wachsen. Sind Sie bereit, sich uns anzuschlie\u00dfen, um dies zu erm\u00f6glichen? Machen Sie den n\u00e4chsten Schritt und bewerben Sie sich!\u00a0<\/span><\/p><p><b>Aufgaben:<\/b><\/p><p><span style=\"font-weight: 400;\">Sie sind vollst\u00e4ndig verantwortlich f\u00fcr die Marketing- und Vertriebsaktivit\u00e4ten unserer Marke (online und offline).\u00a0<\/span><\/p><p><span style=\"font-weight: 400;\">Fokus auf Erweiterung unserer Kundenbasis durch Gesch\u00e4ftsentwicklungst\u00e4tigkeiten. Sie werden erwartet, die folgenden Themen anzugehen:<\/span><\/p><ul><li style=\"font-weight: 400;\" aria-level=\"1\"><span style=\"font-weight: 400;\">Offline-Aktivit\u00e4ten<\/span><ul><li style=\"font-weight: 400;\" aria-level=\"2\"><span style=\"font-weight: 400;\">Konzentration auf den B2B-Sektor und aktive F\u00f6rderung unserer Produkte an Unternehmen (insbesondere Hotels, Einzelhandelsgesch\u00e4fte &amp; Restaurants, Caf\u00e9s, Supermarktketten usw.).<\/span><\/li><li style=\"font-weight: 400;\" aria-level=\"2\"><span style=\"font-weight: 400;\">Organisation von Treffen mit potenziellen Kunden und eigenst\u00e4ndige Durchf\u00fchrung dieser Treffen.<\/span><\/li><li style=\"font-weight: 400;\" aria-level=\"2\"><span style=\"font-weight: 400;\">Teilnahme an relevanten Veranstaltungen und Messen und F\u00f6rderung unseres Unternehmens auf diesen Veranstaltungen.<\/span><\/li><li style=\"font-weight: 400;\" aria-level=\"2\"><span style=\"font-weight: 400;\">End-to-End-Verwaltung unseres Marketing- &amp; Vertriebsbudgets.<\/span><\/li><\/ul><\/li><li style=\"font-weight: 400;\" aria-level=\"1\"><span style=\"font-weight: 400;\">Online-Kan\u00e4le<\/span><ul><li style=\"font-weight: 400;\" aria-level=\"2\"><span style=\"font-weight: 400;\">We have a social media\/digital agency in place. In partnership with that agency you will be:<\/span><ul><li style=\"font-weight: 400;\" aria-level=\"3\"><span style=\"font-weight: 400;\">Unsere Digitalagentur verwalten und sicherstellen, dass unsere Website und unsere Social-Media-Kan\u00e4le reibungslos funktionieren.<\/span><\/li><li style=\"font-weight: 400;\" aria-level=\"3\"><span style=\"font-weight: 400;\">Unsere Website auf dem neuesten Stand halten und die Beziehung zu externen Parteien verwalten.<\/span><\/li><li style=\"font-weight: 400;\" aria-level=\"3\"><span style=\"font-weight: 400;\">Die Arbeit an unseren Social-Media-Kan\u00e4len aktiv lenken und verfolgen, einschlie\u00dflich, aber nicht beschr\u00e4nkt auf Beitr\u00e4ge, Kampagnen und Live-Veranstaltungen, um unsere Reichweite zu erh\u00f6hen.<\/span><\/li><li style=\"font-weight: 400;\" aria-level=\"3\"><span style=\"font-weight: 400;\">Sicherstellen, dass unser Webshop reibungslos l\u00e4uft und nahtlose Prozesse vorhanden sind.\u00a0<\/span><\/li><\/ul><\/li><\/ul><\/li><\/ul><p><b>Qualifikationen und ben\u00f6tigte F\u00e4higkeiten<\/b><\/p><ul><li style=\"font-weight: 400;\" aria-level=\"1\"><span style=\"font-weight: 400;\">Fliessend in Englisch und Schweizerdeutsch, Franz\u00f6sisch ist von Vorteil.<\/span><\/li><li style=\"font-weight: 400;\" aria-level=\"1\"><span style=\"font-weight: 400;\">Leidenschaft f\u00fcr Kaffee oder die Bereitschaft, dar\u00fcber zu lernen.<\/span><\/li><li style=\"font-weight: 400;\" aria-level=\"1\"><span style=\"font-weight: 400;\">Erfahrung im Management von Social-Media-Kan\u00e4len (pers\u00f6nlich\/beruflich).<\/span><\/li><li style=\"font-weight: 400;\" aria-level=\"1\"><span style=\"font-weight: 400;\">Gute Marketing-, Kommunikations- und Vertriebsf\u00e4higkeiten (mit nachgewiesener Erfolgsbilanz).<\/span><\/li><li style=\"font-weight: 400;\" aria-level=\"1\"><span style=\"font-weight: 400;\">Eigenst\u00e4ndiger Arbeitsstil, der eigenverantwortlich arbeiten kann und bereit ist, bei einem Start-up zu wachsen.<\/span><\/li><li style=\"font-weight: 400;\" aria-level=\"1\"><span style=\"font-weight: 400;\">Vertriebs- und Marketing-Erfahrung (bevorzugt in einer \u00e4hnlichen Branche).<\/span><\/li><li style=\"font-weight: 400;\" aria-level=\"1\"><span style=\"font-weight: 400;\">Erfahrung in der Gastronomiebranche.<\/span><\/li><\/ul><p><b>Verg\u00fctung:<\/b><\/p><p><span style=\"font-weight: 400;\">Ihnen wird ein Grundgehalt und auch eine Beteiligung an den von Ihnen generierten Verk\u00e4ufen angeboten.<\/span><\/p><p class=\"translation-block\">Senden Sie bitte Ihren Lebenslauf und ein Anschreiben an: <a href=\"mailto:info@beaninprogress.com\">info@beaninprogress.com<\/a><\/p>\t\t\t\t\t\t<\/div>\n\t\t\t\t<\/div>\n\t\t\t\t<\/div>\n\t\t\t\t\t<\/div>\n\t\t\t\t<\/div>\n\t\t\t\t<\/div>","protected":false},"excerpt":{"rendered":"<p>Bean in Progress Marketing &amp; Sales Lead (m\/f 50-100%) About us: www.beaninprogress.com We are a \u2018micro-roastery\u2019 in Basel. We have been in the coffee business for over 5 years, and with our own beloved brand \u2018\u2019Bean in Progress\u2019 for over a year. Yes, we are a start-up!\u00a0 Our philosophy is simple: go for progress, not [&hellip;]<\/p>","protected":false},"author":1,"featured_media":0,"parent":0,"menu_order":0,"comment_status":"closed","ping_status":"closed","template":"elementor_header_footer","meta":{"_acf_changed":false,"footnotes":""},"class_list":["post-640","page","type-page","status-publish","hentry"],"acf":[],"yoast_head":"<!-- This site is optimized with the Yoast SEO plugin v22.8 - https:\/\/yoast.com\/wordpress\/plugins\/seo\/ -->\n<title>Career - Bean in Progress<\/title>\n<meta name=\"robots\" content=\"index, follow, max-snippet:-1, max-image-preview:large, max-video-preview:-1\" \/>\n<link rel=\"canonical\" href=\"https:\/\/beaninprogress.com\/ch\/career\/\" \/>\n<meta property=\"og:locale\" content=\"de_DE\" \/>\n<meta property=\"og:type\" content=\"article\" \/>\n<meta property=\"og:title\" content=\"Career - Bean in Progress\" \/>\n<meta property=\"og:description\" content=\"Bean in Progress Marketing &amp; Sales Lead (m\/f 50-100%) About us: www.beaninprogress.com We are a \u2018micro-roastery\u2019 in Basel. We have been in the coffee business for over 5 years, and with our own beloved brand \u2018\u2019Bean in Progress\u2019 for over a year. Yes, we are a start-up!\u00a0 Our philosophy is simple: go for progress, not [&hellip;]\" \/>\n<meta property=\"og:url\" content=\"https:\/\/beaninprogress.com\/ch\/career\/\" \/>\n<meta property=\"og:site_name\" content=\"Bean in Progress\" \/>\n<meta property=\"article:publisher\" content=\"https:\/\/facebook.com\/beaninprogress\" \/>\n<meta property=\"article:modified_time\" content=\"2025-01-31T20:05:07+00:00\" \/>\n<meta name=\"twitter:card\" content=\"summary_large_image\" \/>\n<meta name=\"twitter:label1\" content=\"Gesch\u00e4tzte Lesezeit\" \/>\n\t<meta name=\"twitter:data1\" content=\"2\u00a0Minuten\" \/>\n<script type=\"application\/ld+json\" class=\"yoast-schema-graph\">{\"@context\":\"https:\/\/schema.org\",\"@graph\":[{\"@type\":\"WebPage\",\"@id\":\"https:\/\/beaninprogress.com\/career\/\",\"url\":\"https:\/\/beaninprogress.com\/career\/\",\"name\":\"Career - Bean in Progress\",\"isPartOf\":{\"@id\":\"https:\/\/beaninprogress.com\/#website\"},\"datePublished\":\"2023-10-15T11:06:36+00:00\",\"dateModified\":\"2025-01-31T20:05:07+00:00\",\"breadcrumb\":{\"@id\":\"https:\/\/beaninprogress.com\/career\/#breadcrumb\"},\"inLanguage\":\"de-CH\",\"potentialAction\":[{\"@type\":\"ReadAction\",\"target\":[\"https:\/\/beaninprogress.com\/career\/\"]}]},{\"@type\":\"BreadcrumbList\",\"@id\":\"https:\/\/beaninprogress.com\/career\/#breadcrumb\",\"itemListElement\":[{\"@type\":\"ListItem\",\"position\":1,\"name\":\"Home\",\"item\":\"https:\/\/beaninprogress.com\/\"},{\"@type\":\"ListItem\",\"position\":2,\"name\":\"Career\"}]},{\"@type\":\"WebSite\",\"@id\":\"https:\/\/beaninprogress.com\/#website\",\"url\":\"https:\/\/beaninprogress.com\/\",\"name\":\"Bean in Progress\",\"description\":\"Speciality Coffee &amp; Roastery\",\"publisher\":{\"@id\":\"https:\/\/beaninprogress.com\/#organization\"},\"potentialAction\":[{\"@type\":\"SearchAction\",\"target\":{\"@type\":\"EntryPoint\",\"urlTemplate\":\"https:\/\/beaninprogress.com\/?s={search_term_string}\"},\"query-input\":\"required name=search_term_string\"}],\"inLanguage\":\"de-CH\"},{\"@type\":\"Organization\",\"@id\":\"https:\/\/beaninprogress.com\/#organization\",\"name\":\"Bean in Progress\",\"url\":\"https:\/\/beaninprogress.com\/\",\"logo\":{\"@type\":\"ImageObject\",\"inLanguage\":\"de-CH\",\"@id\":\"https:\/\/beaninprogress.com\/#\/schema\/logo\/image\/\",\"url\":\"https:\/\/beaninprogress.com\/wp-content\/uploads\/2023\/09\/bean-in-progress.png\",\"contentUrl\":\"https:\/\/beaninprogress.com\/wp-content\/uploads\/2023\/09\/bean-in-progress.png\",\"width\":846,\"height\":361,\"caption\":\"Bean in Progress\"},\"image\":{\"@id\":\"https:\/\/beaninprogress.com\/#\/schema\/logo\/image\/\"},\"sameAs\":[\"https:\/\/facebook.com\/beaninprogress\",\"https:\/\/www.instagram.com\/beaninprogress\/#\"]}]}<\/script>\n<!-- \/ Yoast SEO plugin. -->","yoast_head_json":{"title":"Career - Bean in Progress","robots":{"index":"index","follow":"follow","max-snippet":"max-snippet:-1","max-image-preview":"max-image-preview:large","max-video-preview":"max-video-preview:-1"},"canonical":"https:\/\/beaninprogress.com\/ch\/career\/","og_locale":"de_DE","og_type":"article","og_title":"Career - Bean in Progress","og_description":"Bean in Progress Marketing &amp; Sales Lead (m\/f 50-100%) About us: www.beaninprogress.com We are a \u2018micro-roastery\u2019 in Basel. We have been in the coffee business for over 5 years, and with our own beloved brand \u2018\u2019Bean in Progress\u2019 for over a year. Yes, we are a start-up!\u00a0 Our philosophy is simple: go for progress, not [&hellip;]","og_url":"https:\/\/beaninprogress.com\/ch\/career\/","og_site_name":"Bean in Progress","article_publisher":"https:\/\/facebook.com\/beaninprogress","article_modified_time":"2025-01-31T20:05:07+00:00","twitter_card":"summary_large_image","twitter_misc":{"Gesch\u00e4tzte Lesezeit":"2\u00a0Minuten"},"schema":{"@context":"https:\/\/schema.org","@graph":[{"@type":"WebPage","@id":"https:\/\/beaninprogress.com\/career\/","url":"https:\/\/beaninprogress.com\/career\/","name":"Career - Bean in Progress","isPartOf":{"@id":"https:\/\/beaninprogress.com\/#website"},"datePublished":"2023-10-15T11:06:36+00:00","dateModified":"2025-01-31T20:05:07+00:00","breadcrumb":{"@id":"https:\/\/beaninprogress.com\/career\/#breadcrumb"},"inLanguage":"de-CH","potentialAction":[{"@type":"ReadAction","target":["https:\/\/beaninprogress.com\/career\/"]}]},{"@type":"BreadcrumbList","@id":"https:\/\/beaninprogress.com\/career\/#breadcrumb","itemListElement":[{"@type":"ListItem","position":1,"name":"Home","item":"https:\/\/beaninprogress.com\/"},{"@type":"ListItem","position":2,"name":"Career"}]},{"@type":"WebSite","@id":"https:\/\/beaninprogress.com\/#website","url":"https:\/\/beaninprogress.com\/","name":"Bean in Progress","description":"Speciality Coffee &amp; Roastery","publisher":{"@id":"https:\/\/beaninprogress.com\/#organization"},"potentialAction":[{"@type":"SearchAction","target":{"@type":"EntryPoint","urlTemplate":"https:\/\/beaninprogress.com\/?s={search_term_string}"},"query-input":"required name=search_term_string"}],"inLanguage":"de-CH"},{"@type":"Organization","@id":"https:\/\/beaninprogress.com\/#organization","name":"Bean in Progress","url":"https:\/\/beaninprogress.com\/","logo":{"@type":"ImageObject","inLanguage":"de-CH","@id":"https:\/\/beaninprogress.com\/#\/schema\/logo\/image\/","url":"https:\/\/beaninprogress.com\/wp-content\/uploads\/2023\/09\/bean-in-progress.png","contentUrl":"https:\/\/beaninprogress.com\/wp-content\/uploads\/2023\/09\/bean-in-progress.png","width":846,"height":361,"caption":"Bean in Progress"},"image":{"@id":"https:\/\/beaninprogress.com\/#\/schema\/logo\/image\/"},"sameAs":["https:\/\/facebook.com\/beaninprogress","https:\/\/www.instagram.com\/beaninprogress\/#"]}]}},"_links":{"self":[{"href":"https:\/\/beaninprogress.com\/ch\/wp-json\/wp\/v2\/pages\/640","targetHints":{"allow":["GET"]}}],"collection":[{"href":"https:\/\/beaninprogress.com\/ch\/wp-json\/wp\/v2\/pages"}],"about":[{"href":"https:\/\/beaninprogress.com\/ch\/wp-json\/wp\/v2\/types\/page"}],"author":[{"embeddable":true,"href":"https:\/\/beaninprogress.com\/ch\/wp-json\/wp\/v2\/users\/1"}],"replies":[{"embeddable":true,"href":"https:\/\/beaninprogress.com\/ch\/wp-json\/wp\/v2\/comments?post=640"}],"version-history":[{"count":10,"href":"https:\/\/beaninprogress.com\/ch\/wp-json\/wp\/v2\/pages\/640\/revisions"}],"predecessor-version":[{"id":1902,"href":"https:\/\/beaninprogress.com\/ch\/wp-json\/wp\/v2\/pages\/640\/revisions\/1902"}],"wp:attachment":[{"href":"https:\/\/beaninprogress.com\/ch\/wp-json\/wp\/v2\/media?parent=640"}],"curies":[{"name":"wp","href":"https:\/\/api.w.org\/{rel}","templated":true}]}}