{"id":999,"date":"2023-10-29T13:40:41","date_gmt":"2023-10-29T13:40:41","guid":{"rendered":"https:\/\/beaninprogress.com\/?page_id=999"},"modified":"2023-10-29T13:41:38","modified_gmt":"2023-10-29T13:41:38","slug":"media","status":"publish","type":"page","link":"https:\/\/beaninprogress.com\/ch\/media\/","title":{"rendered":"Presse"},"content":{"rendered":"<div data-elementor-type=\"wp-page\" data-elementor-id=\"999\" class=\"elementor elementor-999\" data-elementor-post-type=\"page\">\n\t\t\t\t<div class=\"elementor-element elementor-element-ccb7527 e-flex e-con-boxed e-con e-parent\" data-id=\"ccb7527\" data-element_type=\"container\" data-settings=\"{&quot;background_background&quot;:&quot;classic&quot;}\">\n\t\t\t\t\t<div class=\"e-con-inner\">\n\t\t<div class=\"elementor-element elementor-element-e4628f4 e-flex e-con-boxed e-con e-child\" data-id=\"e4628f4\" data-element_type=\"container\">\n\t\t\t\t\t<div class=\"e-con-inner\">\n\t\t\t\t\t<\/div>\n\t\t\t\t<\/div>\n\t\t\t\t\t<\/div>\n\t\t\t\t<\/div>\n\t\t<div class=\"elementor-element elementor-element-fcc3f09 e-flex e-con-boxed e-con e-parent\" data-id=\"fcc3f09\" data-element_type=\"container\">\n\t\t\t\t\t<div class=\"e-con-inner\">\n\t\t<div class=\"elementor-element elementor-element-9546de2 e-con-full e-flex e-con e-child\" data-id=\"9546de2\" data-element_type=\"container\">\n\t\t\t\t<div class=\"elementor-element elementor-element-19a340e elementor-widget elementor-widget-text-editor\" data-id=\"19a340e\" data-element_type=\"widget\" data-widget_type=\"text-editor.default\">\n\t\t\t\t<div class=\"elementor-widget-container\">\n\t\t\t<style>\/*! elementor - v3.23.0 - 05-08-2024 *\/\n.elementor-widget-text-editor.elementor-drop-cap-view-stacked .elementor-drop-cap{background-color:#69727d;color:#fff}.elementor-widget-text-editor.elementor-drop-cap-view-framed .elementor-drop-cap{color:#69727d;border:3px solid;background-color:transparent}.elementor-widget-text-editor:not(.elementor-drop-cap-view-default) .elementor-drop-cap{margin-top:8px}.elementor-widget-text-editor:not(.elementor-drop-cap-view-default) .elementor-drop-cap-letter{width:1em;height:1em}.elementor-widget-text-editor .elementor-drop-cap{float:left;text-align:center;line-height:1;font-size:50px}.elementor-widget-text-editor .elementor-drop-cap-letter{display:inline-block}<\/style>\t\t\t\t<p><b>Bean in Progress in den lokalen Presse:<\/b><\/p><p><span style=\"font-weight: 400;\">Bean in Progress ist geehrt, in verschiedenen renommierten Nachrichtenquellen und Publikationen vorgestellt worden zu sein. Wir sind stolz darauf, diese Artikel zu teilen, die unsere Reise, unser Engagement f\u00fcr Qualit\u00e4t und unsere Hingabe f\u00fcr nachhaltigen Kaffee zeigen. Diese Berichte haben nicht nur unsere Bem\u00fchungen anerkannt, sondern uns auch inspiriert, au\u00dfergew\u00f6hnliche Kaffeeerlebnisse fortzusetzen. Wir m\u00f6chten diesen Nachrichtenquellen von Herzen f\u00fcr ihre Unterst\u00fctzung und Anerkennung danken.<\/span><\/p><p><b>Bean in Progress-Berichterstattung in lokalen Medien:<\/b><\/p><p><a href=\"https:\/\/www.bazonline.ch\/hier-schmeckt-der-kaffee-wie-fruchtsaft-202127097045\"><span style=\"font-weight: 400;\">https:\/\/www.bazonline.ch\/hier-schmeckt-der-kaffee-wie-fruchtsaft-202127097045<\/span><\/a><\/p><p><a href=\"https:\/\/www.stadtgenuss.ch\/en\/listing\/bean-in-progress\/\"><span style=\"font-weight: 400;\">https:\/\/www.stadtgenuss.ch\/en\/listing\/bean-in-progress\/<\/span><\/a><\/p><p><a href=\"https:\/\/basellive.ch\/blog\/sali-ich-bi-neu\/19gx\"><span style=\"font-weight: 400;\">https:\/\/basellive.ch\/blog\/sali-ich-bi-neu\/19gx<\/span><\/a><span style=\"font-weight: 400;\">\u00a0<\/span><\/p>\t\t\t\t\t\t<\/div>\n\t\t\t\t<\/div>\n\t\t\t\t<\/div>\n\t\t\t\t\t<\/div>\n\t\t\t\t<\/div>\n\t\t\t\t<\/div>","protected":false},"excerpt":{"rendered":"<p>Bean in Progress in local news: Bean in Progress is honored to have been featured in various prominent news outlets and publications. We&#8217;re proud to share these articles that showcase our journey, commitment to quality, and dedication to sustainable coffee. These features have not only recognized our efforts but also inspired us to continue delivering [&hellip;]<\/p>","protected":false},"author":1,"featured_media":0,"parent":0,"menu_order":0,"comment_status":"closed","ping_status":"closed","template":"elementor_header_footer","meta":{"_acf_changed":false,"footnotes":""},"class_list":["post-999","page","type-page","status-publish","hentry"],"acf":[],"yoast_head":"<!-- This site is optimized with the Yoast SEO plugin v22.8 - https:\/\/yoast.com\/wordpress\/plugins\/seo\/ -->\n<title>Media - Bean in Progress<\/title>\n<meta name=\"robots\" content=\"index, follow, max-snippet:-1, max-image-preview:large, max-video-preview:-1\" \/>\n<link rel=\"canonical\" href=\"https:\/\/beaninprogress.com\/ch\/media\/\" \/>\n<meta property=\"og:locale\" content=\"de_DE\" \/>\n<meta property=\"og:type\" content=\"article\" \/>\n<meta property=\"og:title\" content=\"Media - Bean in Progress\" \/>\n<meta property=\"og:description\" content=\"Bean in Progress in local news: Bean in Progress is honored to have been featured in various prominent news outlets and publications. We&#8217;re proud to share these articles that showcase our journey, commitment to quality, and dedication to sustainable coffee. These features have not only recognized our efforts but also inspired us to continue delivering [&hellip;]\" \/>\n<meta property=\"og:url\" content=\"https:\/\/beaninprogress.com\/ch\/media\/\" \/>\n<meta property=\"og:site_name\" content=\"Bean in Progress\" \/>\n<meta property=\"article:publisher\" content=\"https:\/\/facebook.com\/beaninprogress\" \/>\n<meta property=\"article:modified_time\" content=\"2023-10-29T13:41:38+00:00\" \/>\n<meta name=\"twitter:card\" content=\"summary_large_image\" \/>\n<script type=\"application\/ld+json\" class=\"yoast-schema-graph\">{\"@context\":\"https:\/\/schema.org\",\"@graph\":[{\"@type\":\"WebPage\",\"@id\":\"https:\/\/beaninprogress.com\/media\/\",\"url\":\"https:\/\/beaninprogress.com\/media\/\",\"name\":\"Media - Bean in Progress\",\"isPartOf\":{\"@id\":\"https:\/\/beaninprogress.com\/#website\"},\"datePublished\":\"2023-10-29T13:40:41+00:00\",\"dateModified\":\"2023-10-29T13:41:38+00:00\",\"breadcrumb\":{\"@id\":\"https:\/\/beaninprogress.com\/media\/#breadcrumb\"},\"inLanguage\":\"de-CH\",\"potentialAction\":[{\"@type\":\"ReadAction\",\"target\":[\"https:\/\/beaninprogress.com\/media\/\"]}]},{\"@type\":\"BreadcrumbList\",\"@id\":\"https:\/\/beaninprogress.com\/media\/#breadcrumb\",\"itemListElement\":[{\"@type\":\"ListItem\",\"position\":1,\"name\":\"Home\",\"item\":\"https:\/\/beaninprogress.com\/\"},{\"@type\":\"ListItem\",\"position\":2,\"name\":\"Media\"}]},{\"@type\":\"WebSite\",\"@id\":\"https:\/\/beaninprogress.com\/#website\",\"url\":\"https:\/\/beaninprogress.com\/\",\"name\":\"Bean in Progress\",\"description\":\"Speciality Coffee &amp; Roastery\",\"publisher\":{\"@id\":\"https:\/\/beaninprogress.com\/#organization\"},\"potentialAction\":[{\"@type\":\"SearchAction\",\"target\":{\"@type\":\"EntryPoint\",\"urlTemplate\":\"https:\/\/beaninprogress.com\/?s={search_term_string}\"},\"query-input\":\"required name=search_term_string\"}],\"inLanguage\":\"de-CH\"},{\"@type\":\"Organization\",\"@id\":\"https:\/\/beaninprogress.com\/#organization\",\"name\":\"Bean in Progress\",\"url\":\"https:\/\/beaninprogress.com\/\",\"logo\":{\"@type\":\"ImageObject\",\"inLanguage\":\"de-CH\",\"@id\":\"https:\/\/beaninprogress.com\/#\/schema\/logo\/image\/\",\"url\":\"https:\/\/beaninprogress.com\/wp-content\/uploads\/2023\/09\/bean-in-progress.png\",\"contentUrl\":\"https:\/\/beaninprogress.com\/wp-content\/uploads\/2023\/09\/bean-in-progress.png\",\"width\":846,\"height\":361,\"caption\":\"Bean in Progress\"},\"image\":{\"@id\":\"https:\/\/beaninprogress.com\/#\/schema\/logo\/image\/\"},\"sameAs\":[\"https:\/\/facebook.com\/beaninprogress\",\"https:\/\/www.instagram.com\/beaninprogress\/#\"]}]}<\/script>\n<!-- \/ Yoast SEO plugin. -->","yoast_head_json":{"title":"Media - Bean in Progress","robots":{"index":"index","follow":"follow","max-snippet":"max-snippet:-1","max-image-preview":"max-image-preview:large","max-video-preview":"max-video-preview:-1"},"canonical":"https:\/\/beaninprogress.com\/ch\/media\/","og_locale":"de_DE","og_type":"article","og_title":"Media - Bean in Progress","og_description":"Bean in Progress in local news: Bean in Progress is honored to have been featured in various prominent news outlets and publications. We&#8217;re proud to share these articles that showcase our journey, commitment to quality, and dedication to sustainable coffee. These features have not only recognized our efforts but also inspired us to continue delivering [&hellip;]","og_url":"https:\/\/beaninprogress.com\/ch\/media\/","og_site_name":"Bean in Progress","article_publisher":"https:\/\/facebook.com\/beaninprogress","article_modified_time":"2023-10-29T13:41:38+00:00","twitter_card":"summary_large_image","schema":{"@context":"https:\/\/schema.org","@graph":[{"@type":"WebPage","@id":"https:\/\/beaninprogress.com\/media\/","url":"https:\/\/beaninprogress.com\/media\/","name":"Media - Bean in Progress","isPartOf":{"@id":"https:\/\/beaninprogress.com\/#website"},"datePublished":"2023-10-29T13:40:41+00:00","dateModified":"2023-10-29T13:41:38+00:00","breadcrumb":{"@id":"https:\/\/beaninprogress.com\/media\/#breadcrumb"},"inLanguage":"de-CH","potentialAction":[{"@type":"ReadAction","target":["https:\/\/beaninprogress.com\/media\/"]}]},{"@type":"BreadcrumbList","@id":"https:\/\/beaninprogress.com\/media\/#breadcrumb","itemListElement":[{"@type":"ListItem","position":1,"name":"Home","item":"https:\/\/beaninprogress.com\/"},{"@type":"ListItem","position":2,"name":"Media"}]},{"@type":"WebSite","@id":"https:\/\/beaninprogress.com\/#website","url":"https:\/\/beaninprogress.com\/","name":"Bean in Progress","description":"Speciality Coffee &amp; Roastery","publisher":{"@id":"https:\/\/beaninprogress.com\/#organization"},"potentialAction":[{"@type":"SearchAction","target":{"@type":"EntryPoint","urlTemplate":"https:\/\/beaninprogress.com\/?s={search_term_string}"},"query-input":"required name=search_term_string"}],"inLanguage":"de-CH"},{"@type":"Organization","@id":"https:\/\/beaninprogress.com\/#organization","name":"Bean in Progress","url":"https:\/\/beaninprogress.com\/","logo":{"@type":"ImageObject","inLanguage":"de-CH","@id":"https:\/\/beaninprogress.com\/#\/schema\/logo\/image\/","url":"https:\/\/beaninprogress.com\/wp-content\/uploads\/2023\/09\/bean-in-progress.png","contentUrl":"https:\/\/beaninprogress.com\/wp-content\/uploads\/2023\/09\/bean-in-progress.png","width":846,"height":361,"caption":"Bean in Progress"},"image":{"@id":"https:\/\/beaninprogress.com\/#\/schema\/logo\/image\/"},"sameAs":["https:\/\/facebook.com\/beaninprogress","https:\/\/www.instagram.com\/beaninprogress\/#"]}]}},"_links":{"self":[{"href":"https:\/\/beaninprogress.com\/ch\/wp-json\/wp\/v2\/pages\/999","targetHints":{"allow":["GET"]}}],"collection":[{"href":"https:\/\/beaninprogress.com\/ch\/wp-json\/wp\/v2\/pages"}],"about":[{"href":"https:\/\/beaninprogress.com\/ch\/wp-json\/wp\/v2\/types\/page"}],"author":[{"embeddable":true,"href":"https:\/\/beaninprogress.com\/ch\/wp-json\/wp\/v2\/users\/1"}],"replies":[{"embeddable":true,"href":"https:\/\/beaninprogress.com\/ch\/wp-json\/wp\/v2\/comments?post=999"}],"version-history":[{"count":4,"href":"https:\/\/beaninprogress.com\/ch\/wp-json\/wp\/v2\/pages\/999\/revisions"}],"predecessor-version":[{"id":1003,"href":"https:\/\/beaninprogress.com\/ch\/wp-json\/wp\/v2\/pages\/999\/revisions\/1003"}],"wp:attachment":[{"href":"https:\/\/beaninprogress.com\/ch\/wp-json\/wp\/v2\/media?parent=999"}],"curies":[{"name":"wp","href":"https:\/\/api.w.org\/{rel}","templated":true}]}}